{"id":18327,"date":"2022-08-25T10:41:32","date_gmt":"2022-08-25T08:41:32","guid":{"rendered":"https:\/\/www.esterpatriciaceresa.com\/?page_id=18327"},"modified":"2024-12-29T23:09:06","modified_gmt":"2024-12-29T22:09:06","slug":"coaching","status":"publish","type":"page","link":"https:\/\/www.esterpatriciaceresa.com\/ro\/chiavi-del-cambiamento\/coaching\/","title":{"rendered":"Coaching"},"content":{"rendered":"<div>\n<p>    <img decoding=\"async\" src=\"https:\/\/www.esterpatriciaceresa.com\/wp-content\/uploads\/2022\/08\/coaching.jpg\" alt=\"\"><\/p>\n<h3>Coaching<\/h3>\n<p>La Via del Fare Ancora Meglio<\/p>\n<div>\n<p>Una disciplina nata in ambito sportivo dalla forte carica energetica motivazionale per essere performanti in ogni settore della vita.<\/p>\n<\/div>\n<\/div>\n<div>\n<p>Il Coaching\u00a0\u00e9 uno strumento di supporto alla persona per aiutarla a raggiungere gli obbiettivi in linea con i suoi valori.<\/p>\n<p>Interviene in tutti settori della vita professionale e privata per una piena realizzazione personale e agisce sul presente e sul futuro.<\/p>\n<p>E\u2019 una disciplina umanista perch\u00e9 incentrata sulla persona nel presente per accompagnarla verso la realizzazione di un progetto o nella risoluzione di problemi o conflitti in corso.<\/p>\n<p>Il Coaching \u00e9 una disciplina di ascolto attivo \u2013 in un certo senso \u00e9 la \u201cVia delle Domande che Generano Risposte e Azione\u201d, perch\u00e9 si basa su una metodologia di lavoro mirata a comprendere la situazione per individuare le risorse migliori a generare l\u2019azione ideale.<\/p>\n<p><span>Abraham Maslow, psicologo statunitense tra i pi\u00f9 citati per la sua teoria sulla gerarchizzazione dei bisogni conosciuta come \u201cPiramide di Maslow\u201d\u00a0<\/span><span>ovvero dei bisogni primari dell\u2019uomo come ad esempio nutrimento, casa, etc. rivela come, una\u00a0 volta che le basi della vita sono state soddisfatte, le sfide diventano meno sulla sopravvivenza fisica e pi\u00f9 su cosa voglio fare della mia vita. I bisogni si elevano, una volta che ha da mangiare, da dormire e un tetto sopra la testa l\u2019essere umano inizia a farsi un sacco di domande del tipo:<\/span><\/p>\n<ul>\n<li aria-level=\"1\"><span>Come posso realizzare il mio potenziale?<\/span><\/li>\n<li aria-level=\"1\"><span>Come posso affrontare i problemi con cui sto lottando riguardo al lavoro, alle relazioni, al denaro e alla salute?\u00a0<\/span><\/li>\n<li aria-level=\"1\"><span>Come posso progredire nella mia vita e carriera?\u00a0<\/span><\/li>\n<li aria-level=\"1\"><span>Quali sono le mie esigenze di sviluppo?\u00a0<\/span><\/li>\n<li aria-level=\"1\"><span>Come posso crescere al meglio di me, quella che viene chiamata la migliore versione possibile di me stesso?<\/span><\/li>\n<\/ul>\n<blockquote>\n<p>Avec un coach, vous ferez plus vite, mieux et moins cher<\/p>\n<p><strong>David Lefrancois<\/strong><span>\u00a0<\/span>\u2013 Guide Pratique du Life Coaching \u2013 2004<\/p>\n<\/blockquote>\n<p>\u201cCon un Coach farete prima, meglio e coster\u00e0 meno caro\u201d: questa espressione racchiude la quintessenza dello spirito di del Coaching, dove il fattore tempo \u00e9 fondamentale. Si lavora su tempi brevi di risoluzione perch\u00e9 il tempo \u00e9 cadenzato dai passi strategici attivi per arrivare dove ci si \u00e9 prefissati.<\/p>\n<p>In questo senso \u00e9 una disciplina dinamica \u2013 la disciplina dell\u2019Agire \u2013 e performante \u2013 la disciplina del Fare Prima Meglio.<span>\u00a0<\/span><span>Il coaching \u00e8 una disciplina che ti fa arrivare prima e meglio perch\u00e9 un coach aiuta a focalizzarsi ed entrare in azione per realizzare i nostri obiettivi, per essere in grado di andare oltre la sopravvivenza di base verso ci\u00f2 che\u00a0Abraham Maslow definisce\u00a0\u2018<em>autorealizzazione<\/em>\u2018 e Carl Gustav Jung \u2018<em>individuazione<\/em>\u2018.<\/span><\/p>\n<p><span>Avere un coach \u00e9 come avere un allenatore accelera la crescita e costruisce la capacit\u00e0 di sviluppo e realizzazione in molti modi importanti che sarebbero difficili da raggiungere da soli.<\/span><\/p>\n<p>Oggi, oltre alle figure professionali del Life Coach e del Business Coach che operano in una realt\u00e0 radicata da pi\u00f9 di vent\u2019anni si \u00e9 aggiunta la figura richiestissima del Wellness Coah, esperto specializzato nel supporto al raggiungimento e mantenimento dello stato di salute e del benessere psicofisico.<\/p>\n<h3>Ambiti di applicazione<\/h3>\n<p>Come funziona il coaching? <a href=\"https:\/\/youtu.be\/sdBjcy4JrFc\" target=\"_blank\" rel=\"noopener\">In questo video puoi vedere una sua applicazione pratica e fare un esercizio.\u00a0<\/a><\/p>\n<\/div>\n<p><iframe src=\"https:\/\/youtu.be\/sdBjcy4JrFc\"><\/iframe><\/p>\n<h3>Chiavi del Cambiamento<\/h3>\n<div>\n<p>        <img decoding=\"async\" src=\"\/wp-content\/uploads\/2022\/07\/contattami.jpg\" alt=\"\"><\/p>\n<h3>Cambia la tua vita<\/h3>\n<p><a href=\"\/contatti\/\">Richiedi un Appuntamento<\/a><\/p>\n<\/div>\n<h3>Una Playlist Dedicata a tutorial pratica e laboratorio<\/h3>\n<p>\n    <a href=\"https:\/\/youtube.com\/playlist?list=PLk_87XB5AfEpqjIfubraJ4MYlBnAxmccz\">Lab &#038; Tutorial<\/a>\n<\/p>\n<p><!--more--><br \/>\n<!-- {\"type\":\"layout\",\"children\":[{\"name\":\"Hero Section\",\"type\":\"section\",\"props\":{\"animation\":\"fade\",\"header_transparent\":true,\"header_transparent_noplaceholder\":false,\"header_transparent_text_color\":\"dark\",\"image\":\"wp-content\\\/uploads\\\/2022\\\/06\\\/bg-cloud-header-gold.svg\",\"image_position\":\"top-center\",\"media_visibility\":\"s\",\"padding\":\"none\",\"style\":\"default\",\"text_color\":\"light\",\"title_breakpoint\":\"xl\",\"title_position\":\"top-left\",\"title_rotation\":\"left\",\"vertical_align\":\"\",\"width\":\"\"},\"children\":[{\"type\":\"row\",\"children\":[{\"type\":\"column\",\"props\":{\"image_position\":\"center-center\",\"position_sticky_breakpoint\":\"m\",\"width_medium\":\"1-1\"},\"children\":[{\"type\":\"slideshow\",\"props\":{\"content_style\":\"text-lead\",\"image_loading\":true,\"link_style\":\"default\",\"link_text\":\"Read more\",\"margin\":\"default\",\"meta_align\":\"below-title\",\"meta_element\":\"div\",\"meta_style\":\"h4\",\"nav\":\"\",\"nav_align\":\"center\",\"nav_breakpoint\":\"s\",\"nav_position\":\"bottom-center\",\"nav_position_margin\":\"medium\",\"overlay_animation\":\"parallax\",\"overlay_container\":\"large\",\"overlay_position\":\"center-left\",\"show_content\":true,\"show_link\":false,\"show_meta\":true,\"show_thumbnail\":false,\"show_title\":true,\"slidenav\":\"\",\"slidenav_breakpoint\":\"s\",\"slidenav_margin\":\"medium\",\"slidenav_outside_breakpoint\":\"xl\",\"slideshow_autoplay_pause\":true,\"slideshow_height\":\"viewport\",\"slideshow_height_offset_top\":true,\"slideshow_height_viewport\":80,\"slideshow_min_height\":\"\",\"thumbnav_height\":\"75\",\"thumbnav_svg_color\":\"emphasis\",\"thumbnav_width\":\"100\",\"title_element\":\"h3\",\"title_style\":\"heading-small\"},\"children\":[{\"type\":\"slideshow_item\",\"props\":{\"content\":\"\n\n<p>Una disciplina nata in ambito sportivo dalla forte carica energetica motivazionale per essere performanti in ogni settore della vita.<\\\/p>\",\"image\":\"https:\\\/\\\/www.esterpatriciaceresa.com\\\/wp-content\\\/uploads\\\/2022\\\/08\\\/coaching.jpg\",\"media_overlay\":\"rgba(0, 0, 0, 0.25)\",\"meta\":\"La Via del Fare Ancora Meglio\",\"title\":\"Coaching\"}}]}]}]}]},{\"name\":\"About\",\"type\":\"section\",\"props\":{\"animation\":\"fade\",\"image_position\":\"center-center\",\"style\":\"default\",\"title_breakpoint\":\"xl\",\"title_position\":\"top-left\",\"title_rotation\":\"left\",\"vertical_align\":\"\",\"width\":\"large\"},\"children\":[{\"type\":\"row\",\"props\":{\"layout\":\"2-3,1-3\"},\"children\":[{\"type\":\"column\",\"props\":{\"image_position\":\"center-center\",\"position_sticky_breakpoint\":\"m\",\"width_medium\":\"2-3\"},\"children\":[{\"type\":\"text\",\"props\":{\"column_breakpoint\":\"m\",\"content\":\"\n\n<p>Il Coaching\\u00a0\\u00e9 uno strumento di supporto alla persona per aiutarla a raggiungere gli obbiettivi in linea con i suoi valori.<\\\/p>\\n\n\n<p>Interviene in tutti settori della vita professionale e privata per una piena realizzazione personale e agisce sul presente e sul futuro.<\\\/p>\\n\n\n<p>E\\u2019 una disciplina umanista perch\\u00e9 incentrata sulla persona nel presente per accompagnarla verso la realizzazione di un progetto o nella risoluzione di problemi o conflitti in corso.<\\\/p>\\n\n\n<p>Il Coaching \\u00e9 una disciplina di ascolto attivo \\u2013 in un certo senso \\u00e9 la \\u201cVia delle Domande che Generano Risposte e Azione\\u201d, perch\\u00e9 si basa su una metodologia di lavoro mirata a comprendere la situazione per individuare le risorse migliori a generare l\\u2019azione ideale.<\\\/p>\\n\n\n<p><span>Abraham Maslow, psicologo statunitense tra i pi\\u00f9 citati per la sua teoria sulla gerarchizzazione dei bisogni conosciuta come \\u201cPiramide di Maslow\\u201d\\u00a0<\\\/span><span>ovvero dei bisogni primari dell\\u2019uomo come ad esempio nutrimento, casa, etc. rivela come, una\\u00a0 volta che le basi della vita sono state soddisfatte, le sfide diventano meno sulla sopravvivenza fisica e pi\\u00f9 su cosa voglio fare della mia vita. I bisogni si elevano, una volta che ha da mangiare, da dormire e un tetto sopra la testa l\\u2019essere umano inizia a farsi un sacco di domande del tipo:<\\\/span><\\\/p>\\n\n\n<ul>\\n\n\n<li aria-level=\\\"1\\\"><span>Come posso realizzare il mio potenziale?<\\\/span><\\\/li>\\n\n\n<li aria-level=\\\"1\\\"><span>Come posso affrontare i problemi con cui sto lottando riguardo al lavoro, alle relazioni, al denaro e alla salute?\\u00a0<\\\/span><\\\/li>\\n\n\n<li aria-level=\\\"1\\\"><span>Come posso progredire nella mia vita e carriera?\\u00a0<\\\/span><\\\/li>\\n\n\n<li aria-level=\\\"1\\\"><span>Quali sono le mie esigenze di sviluppo?\\u00a0<\\\/span><\\\/li>\\n\n\n<li aria-level=\\\"1\\\"><span>Come posso crescere al meglio di me, quella che viene chiamata la migliore versione possibile di me stesso?<\\\/span><\\\/li>\\n<\\\/ul>\\n\n\n<blockquote>\\n\n\n<p>Avec un coach, vous ferez plus vite, mieux et moins cher<\\\/p>\\n\n\n<p><strong>David Lefrancois<\\\/strong><span>\\u00a0<\\\/span>\\u2013 Guide Pratique du Life Coaching \\u2013 2004<\\\/p>\\n<\\\/blockquote>\\n\n\n<p>\\u201cCon un Coach farete prima, meglio e coster\\u00e0 meno caro\\u201d: questa espressione racchiude la quintessenza dello spirito di del Coaching, dove il fattore tempo \\u00e9 fondamentale. Si lavora su tempi brevi di risoluzione perch\\u00e9 il tempo \\u00e9 cadenzato dai passi strategici attivi per arrivare dove ci si \\u00e9 prefissati.<\\\/p>\\n\n\n<p>In questo senso \\u00e9 una disciplina dinamica \\u2013 la disciplina dell\\u2019Agire \\u2013 e performante \\u2013 la disciplina del Fare Prima Meglio.<span>\\u00a0<\\\/span><span>Il coaching \\u00e8 una disciplina che ti fa arrivare prima e meglio perch\\u00e9 un coach aiuta a focalizzarsi ed entrare in azione per realizzare i nostri obiettivi, per essere in grado di andare oltre la sopravvivenza di base verso ci\\u00f2 che\\u00a0Abraham Maslow definisce\\u00a0\\u2018<em>autorealizzazione<\\\/em>\\u2018 e Carl Gustav Jung \\u2018<em>individuazione<\\\/em>\\u2018.<\\\/span><\\\/p>\\n\n\n<p><span>Avere un coach \\u00e9 come avere un allenatore accelera la crescita e costruisce la capacit\\u00e0 di sviluppo e realizzazione in molti modi importanti che sarebbero difficili da raggiungere da soli.<\\\/span><\\\/p>\\n\n\n<p>Oggi, oltre alle figure professionali del Life Coach e del Business Coach che operano in una realt\\u00e0 radicata da pi\\u00f9 di vent\\u2019anni si \\u00e9 aggiunta la figura richiestissima del Wellness Coah, esperto specializzato nel supporto al raggiungimento e mantenimento dello stato di salute e del benessere psicofisico.<\\\/p>\\n\n\n<h3>Ambiti di applicazione<\\\/h3>\\n\n\n<p>Come funziona il coaching? <a href=\\\"https:\\\/\\\/youtu.be\\\/sdBjcy4JrFc\\\" target=\\\"_blank\\\" rel=\\\"noopener\\\">In questo video puoi vedere una sua applicazione pratica e fare un esercizio.\\u00a0<\\\/a><\\\/p>\",\"margin\":\"default\"}},{\"type\":\"video\",\"props\":{\"margin\":\"default\",\"video\":\"https:\\\/\\\/youtu.be\\\/sdBjcy4JrFc\",\"video_controls\":true,\"video_height\":\"900\"}}]},{\"type\":\"column\",\"props\":{\"image_position\":\"center-center\",\"position_sticky_breakpoint\":\"m\",\"width_medium\":\"1-3\"},\"children\":[{\"type\":\"headline\",\"props\":{\"content\":\"Chiavi del Cambiamento\",\"title_decoration\":\"bullet\",\"title_element\":\"h3\"}},{\"type\":\"module\",\"props\":{\"css\":\"li {\\n    padding: .5rem;\\n\\tborder-bottom: 1px solid #ddd;\\n}\",\"menu_image_align\":\"center\",\"menu_image_margin\":true,\"menu_style\":\"default\",\"menu_type\":\"nav\",\"type\":\"nav_menu\",\"widget\":\"nav_menu-2\"}},{\"type\":\"overlay\",\"props\":{\"image\":\"wp-content\\\/uploads\\\/2022\\\/07\\\/contattami.jpg\",\"link\":\"contatti\\\/\",\"link_style\":\"default\",\"link_text\":\"Richiedi un Appuntamento\",\"margin\":\"medium\",\"meta_align\":\"below-title\",\"meta_element\":\"div\",\"meta_style\":\"text-meta\",\"overlay_hover\":false,\"overlay_mode\":\"cover\",\"overlay_position\":\"center\",\"overlay_style\":\"overlay-default\",\"overlay_transition\":\"fade\",\"text_align\":\"center\",\"text_color\":\"dark\",\"title\":\"Cambia la tua vita\",\"title_element\":\"h3\",\"title_hover_style\":\"reset\"},\"name\":\"Overlay Sidebar\"}]}]}]},{\"type\":\"section\",\"props\":{\"image_position\":\"center-center\",\"style\":\"muted\",\"title_breakpoint\":\"xl\",\"title_position\":\"top-left\",\"title_rotation\":\"left\",\"vertical_align\":\"\",\"width\":\"small\"},\"children\":[{\"type\":\"row\",\"children\":[{\"type\":\"column\",\"props\":{\"image_position\":\"center-center\",\"position_sticky_breakpoint\":\"m\"},\"children\":[{\"type\":\"headline\",\"props\":{\"content\":\"Una Playlist Dedicata a tutorial pratica e laboratorio\",\"text_align\":\"center\",\"title_element\":\"h3\"}},{\"type\":\"button\",\"props\":{\"fullwidth\":true,\"grid_column_gap\":\"small\",\"grid_row_gap\":\"small\",\"margin\":\"default\"},\"children\":[{\"type\":\"button_item\",\"props\":{\"button_style\":\"primary\",\"content\":\"Lab & Tutorial\",\"icon\":\"youtube\",\"icon_align\":\"left\",\"link\":\"https:\\\/\\\/youtube.com\\\/playlist?list=PLk_87XB5AfEpqjIfubraJ4MYlBnAxmccz\",\"link_target\":\"blank\"}}]}]}]}],\"name\":\"lab tutorial\"}],\"version\":\"4.4.16\"} --><\/p>\n","protected":false},"excerpt":{"rendered":"<p>Coaching La Via del Fare Ancora Meglio Una disciplina nata in ambito sportivo dalla forte carica energetica motivazionale per essere [&hellip;]<\/p>\n","protected":false},"author":1,"featured_media":0,"parent":17033,"menu_order":0,"comment_status":"closed","ping_status":"closed","template":"","meta":{"_acf_changed":false,"footnotes":""},"class_list":["post-18327","page","type-page","status-publish","hentry"],"acf":[],"_links":{"self":[{"href":"https:\/\/www.esterpatriciaceresa.com\/ro\/wp-json\/wp\/v2\/pages\/18327","targetHints":{"allow":["GET"]}}],"collection":[{"href":"https:\/\/www.esterpatriciaceresa.com\/ro\/wp-json\/wp\/v2\/pages"}],"about":[{"href":"https:\/\/www.esterpatriciaceresa.com\/ro\/wp-json\/wp\/v2\/types\/page"}],"author":[{"embeddable":true,"href":"https:\/\/www.esterpatriciaceresa.com\/ro\/wp-json\/wp\/v2\/users\/1"}],"replies":[{"embeddable":true,"href":"https:\/\/www.esterpatriciaceresa.com\/ro\/wp-json\/wp\/v2\/comments?post=18327"}],"version-history":[{"count":10,"href":"https:\/\/www.esterpatriciaceresa.com\/ro\/wp-json\/wp\/v2\/pages\/18327\/revisions"}],"predecessor-version":[{"id":24718,"href":"https:\/\/www.esterpatriciaceresa.com\/ro\/wp-json\/wp\/v2\/pages\/18327\/revisions\/24718"}],"up":[{"embeddable":true,"href":"https:\/\/www.esterpatriciaceresa.com\/ro\/wp-json\/wp\/v2\/pages\/17033"}],"wp:attachment":[{"href":"https:\/\/www.esterpatriciaceresa.com\/ro\/wp-json\/wp\/v2\/media?parent=18327"}],"curies":[{"name":"wp","href":"https:\/\/api.w.org\/{rel}","templated":true}]}}