{"id":17651,"date":"2022-07-15T15:15:07","date_gmt":"2022-07-15T13:15:07","guid":{"rendered":"https:\/\/www.esterpatriciaceresa.com\/?page_id=17651"},"modified":"2024-06-09T12:01:24","modified_gmt":"2024-06-09T10:01:24","slug":"respiratia-atenta-mazdaznan","status":"publish","type":"page","link":"https:\/\/www.esterpatriciaceresa.com\/ro\/chiavi-del-cambiamento\/respirazione-consapevole-mazdaznan\/","title":{"rendered":"Respira\u021bie Con\u0219tient\u0103 Mazdaznan"},"content":{"rendered":"<div>\n<p>    <img decoding=\"async\" src=\"https:\/\/www.esterpatriciaceresa.com\/wp-content\/uploads\/2022\/07\/respirazione-cosciente.jpg\" alt=\"\"><\/p>\n<h3>Respirazione Consapevole Mazdaznan<\/h3>\n<p>Siamo circondati dall&#8217;Aria.<\/p>\n<div>\n<p>Il ruolo dell&#8217;Aria nella salute e nel benessere naturale \u00e8 sottolineato fin dagli albori di ogni cultura umana.<\/p>\n<\/div>\n<\/div>\n<div>\n<p>Aria, Acqua, Fuoco e Terra sono i medici della Natura, antichi guaritori instancabili e disponibili 24 ore al giorno, da sempre al servizio dell\u2019uomo gratuitamente.<\/p>\n<p>Elemento primario insieme all\u2019Acqua, al Fuoco e alla Terra, l\u2019Aria \u00e9 principio vitale e primo anelito di vita.<\/p>\n<p>Nella dottrina medica classica greca il respiro Pneuma \u00e9 sostanza che d\u00e0 inizio all\u2019esistenza e permette la vita insieme ad Ignis, il fuoco del Calore Innato. Nella cultura indiana il Prana \u00e9 soffio energetico universale.<\/p>\n<p align=\"LEFT\">Il respiro \u00e8 fondamentale anche nella tradizione<span>\u00a0<\/span><a href=\"https:\/\/www.esterpatriciaceresa.com\/lab-tutorial-esercizio-di-respirazione-cosciente\/\"><span>MazdaZnan<\/span><\/a><span>\u00a0<\/span>di origine zoroastriana, fondata agli inizi del 900 dal medico Otoman Zar-Adusht Ha\u2019nish e oggi portata avanti da sempre pi\u00f9 rare comunit\u00e0. Secondo questa dottrina la crescita e lo sviluppo ideale di ciascun individuo passa anche e soprattutto dalla pratica quotidiana adeguata di una respirazione consapevole.<\/p>\n<blockquote>\n<p align=\"LEFT\">Le\u00a0<small>RESPIR<\/small>\u00a0est le principe sous-jacent de la vie, et le\u00a0<i>rythme<\/i>\u00a0de l\u2019inspiration et de l\u2019expiration, avec ses temps de r\u00e9tention et d\u2019arr\u00eat, d\u00e9termine le d\u00e9veloppement physique, psychique et mental.<\/p>\n<p align=\"LEFT\">\u2013<span>\u00a0<\/span><strong>Dr. Hanish<\/strong><span>\u00a0<\/span>\u2013 \u00a0L\u2019 Art de la Respiration \u2013<span>\u00a0<\/span><b>\u00a0<\/b>1969<\/p>\n<\/blockquote>\n<p align=\"LEFT\">Il respiro \u00e9 il principio alla base della vita, e il ritmo dell\u2019inspirazione e dell\u2019espirazione, con i suoi tempi di trattenimento ed arresto, determina lo sviluppo fisico, psichico e mentale.<\/p>\n<p align=\"LEFT\">Respirare \u00e9 naturale, respirare bene e con consapevolezza permette il raggiungimento e la conservazione di un stato di salute ottimale.<\/p>\n<p align=\"LEFT\">Nella filosofia MazdaZnan anche la fisiognomica viene considerata basilare per un processo di autoconsapevolezza ed evoluzione, la classificazione dei diversi tipi biologici indica anche il tipo di stile di vita da adottare per vivere al meglio sulla base della propria inclinazione di base. Esercizi mirati e tecniche specifiche permettono di lavorare a livello emozionale, intellettuale e istintuale, tre importanti centri del complesso sistema umano.<\/p>\n<p align=\"LEFT\">Siamo circondati dall\u2019 Aria.<\/p>\n<p align=\"LEFT\">E\u2019 disponibile ovunque, per tutti e in ogni momento della giornata, in grado di operare significativi miglioramenti nello stato di salute generale.<\/p>\n<\/div>\n<p><a href=\"https:\/\/www.youtube.com\/watch?v=5RDy8r4U2aI\"><img decoding=\"async\" src=\"\/wp-content\/uploads\/2022\/07\/video-respirazione-cosciente.jpg\" alt=\"\"><\/a><\/p>\n<h2>Mazdaznan Essential<\/h2>\n<h3>Pratica di base guidata di Respirazione YIMA<\/h3>\n<div>\n<p><span>esercizio di Respirazione Cosciente guidato da Ester Patricia Ceresa per riscoprire una tradizione che rischia di scomparire.<\/span><\/p>\n<\/div>\n<p><!--more--><br \/>\n<!-- {\"name\":\"Layout Chiavi Cambiamento\",\"type\":\"layout\",\"children\":[{\"name\":\"Hero Section\",\"type\":\"section\",\"props\":{\"animation\":\"fade\",\"header_transparent\":true,\"header_transparent_noplaceholder\":false,\"header_transparent_text_color\":\"dark\",\"image\":\"wp-content\\\/uploads\\\/2022\\\/06\\\/bg-cloud-header-gold.svg\",\"image_position\":\"top-center\",\"media_visibility\":\"s\",\"padding\":\"none\",\"style\":\"default\",\"text_color\":\"light\",\"title_breakpoint\":\"xl\",\"title_position\":\"top-left\",\"title_rotation\":\"left\",\"vertical_align\":\"\",\"width\":\"\"},\"children\":[{\"type\":\"row\",\"children\":[{\"type\":\"column\",\"props\":{\"image_position\":\"center-center\",\"position_sticky_breakpoint\":\"m\",\"width_medium\":\"1-1\"},\"children\":[{\"type\":\"slideshow\",\"props\":{\"content_style\":\"text-lead\",\"image_loading\":true,\"link_style\":\"default\",\"link_text\":\"Read more\",\"margin\":\"default\",\"meta_align\":\"below-title\",\"meta_element\":\"div\",\"meta_style\":\"h4\",\"nav\":\"\",\"nav_align\":\"center\",\"nav_breakpoint\":\"s\",\"nav_position\":\"bottom-center\",\"nav_position_margin\":\"medium\",\"overlay_animation\":\"parallax\",\"overlay_container\":\"large\",\"overlay_position\":\"center-left\",\"show_content\":true,\"show_link\":false,\"show_meta\":true,\"show_thumbnail\":false,\"show_title\":true,\"slidenav\":\"\",\"slidenav_breakpoint\":\"s\",\"slidenav_margin\":\"medium\",\"slidenav_outside_breakpoint\":\"xl\",\"slideshow_autoplay_pause\":true,\"slideshow_height\":\"viewport\",\"slideshow_height_offset_top\":true,\"slideshow_height_viewport\":80,\"slideshow_min_height\":\"\",\"thumbnav_height\":\"75\",\"thumbnav_svg_color\":\"emphasis\",\"thumbnav_width\":\"100\",\"title_element\":\"h3\",\"title_style\":\"heading-small\"},\"children\":[{\"type\":\"slideshow_item\",\"props\":{\"content\":\"\n\n<p>Il ruolo dell'Aria nella salute e nel benessere naturale \\u00e8 sottolineato fin dagli albori di ogni cultura umana.<\\\/p>\",\"image\":\"https:\\\/\\\/www.esterpatriciaceresa.com\\\/wp-content\\\/uploads\\\/2022\\\/07\\\/respirazione-cosciente.jpg\",\"media_overlay\":\"rgba(0, 0, 0, 0.25)\",\"meta\":\"Siamo circondati dall'Aria.\",\"title\":\"Respirazione Consapevole Mazdaznan\"}}]}]}]}]},{\"name\":\"identikit\",\"type\":\"section\",\"props\":{\"animation\":\"fade\",\"animation_delay\":false,\"image_position\":\"bottom-center\",\"padding_remove_top\":false,\"style\":\"default\",\"title_breakpoint\":\"xl\",\"title_position\":\"top-left\",\"title_rotation\":\"left\",\"vertical_align\":\"\",\"width\":\"large\"},\"children\":[{\"type\":\"row\",\"props\":{\"column_gap\":\"large\",\"margin\":\"large\",\"row_gap\":\"large\",\"vertical_align\":false},\"children\":[{\"type\":\"column\",\"props\":{\"image_position\":\"center-center\",\"position_sticky_breakpoint\":\"m\",\"vertical_align\":\"middle\"},\"children\":[{\"type\":\"text\",\"props\":{\"column_breakpoint\":\"m\",\"content\":\"\n\n<p>Aria, Acqua, Fuoco e Terra sono i medici della Natura, antichi guaritori instancabili e disponibili 24 ore al giorno, da sempre al servizio dell\\u2019uomo gratuitamente.<\\\/p>\\n\n\n<p>Elemento primario insieme all\\u2019Acqua, al Fuoco e alla Terra, l\\u2019Aria \\u00e9 principio vitale e primo anelito di vita.<\\\/p>\\n\n\n<p>Nella dottrina medica classica greca il respiro Pneuma \\u00e9 sostanza che d\\u00e0 inizio all\\u2019esistenza e permette la vita insieme ad Ignis, il fuoco del Calore Innato. Nella cultura indiana il Prana \\u00e9 soffio energetico universale.<\\\/p>\\n\n\n<p align=\\\"LEFT\\\">Il respiro \\u00e8 fondamentale anche nella tradizione<span>\\u00a0<\\\/span><a href=\\\"https:\\\/\\\/www.esterpatriciaceresa.com\\\/lab-tutorial-esercizio-di-respirazione-cosciente\\\/\\\"><span>MazdaZnan<\\\/span><\\\/a><span>\\u00a0<\\\/span>di origine zoroastriana, fondata agli inizi del 900 dal medico Otoman Zar-Adusht Ha\\u2019nish e oggi portata avanti da sempre pi\\u00f9 rare comunit\\u00e0. Secondo questa dottrina la crescita e lo sviluppo ideale di ciascun individuo passa anche e soprattutto dalla pratica quotidiana adeguata di una respirazione consapevole.<\\\/p>\\n\n\n<blockquote>\\n\n\n<p align=\\\"LEFT\\\">Le\\u00a0<small>RESPIR<\\\/small>\\u00a0est le principe sous-jacent de la vie, et le\\u00a0<i>rythme<\\\/i>\\u00a0de l\\u2019inspiration et de l\\u2019expiration, avec ses temps de r\\u00e9tention et d\\u2019arr\\u00eat, d\\u00e9termine le d\\u00e9veloppement physique, psychique et mental.<\\\/p>\\n\n\n<p align=\\\"LEFT\\\">\\u2013<span>\\u00a0<\\\/span><strong>Dr. Hanish<\\\/strong><span>\\u00a0<\\\/span>\\u2013 \\u00a0L\\u2019 Art de la Respiration \\u2013<span>\\u00a0<\\\/span><b>\\u00a0<\\\/b>1969<\\\/p>\\n<\\\/blockquote>\\n\n\n<p align=\\\"LEFT\\\">Il respiro \\u00e9 il principio alla base della vita, e il ritmo dell\\u2019inspirazione e dell\\u2019espirazione, con i suoi tempi di trattenimento ed arresto, determina lo sviluppo fisico, psichico e mentale.<\\\/p>\\n\n\n<p align=\\\"LEFT\\\">Respirare \\u00e9 naturale, respirare bene e con consapevolezza permette il raggiungimento e la conservazione di un stato di salute ottimale.<\\\/p>\\n\n\n<p align=\\\"LEFT\\\">Nella filosofia MazdaZnan anche la fisiognomica viene considerata basilare per un processo di autoconsapevolezza ed evoluzione, la classificazione dei diversi tipi biologici indica anche il tipo di stile di vita da adottare per vivere al meglio sulla base della propria inclinazione di base. Esercizi mirati e tecniche specifiche permettono di lavorare a livello emozionale, intellettuale e istintuale, tre importanti centri del complesso sistema umano.<\\\/p>\\n\n\n<p align=\\\"LEFT\\\">Siamo circondati dall\\u2019 Aria.<\\\/p>\\n\n\n<p align=\\\"LEFT\\\">E\\u2019 disponibile ovunque, per tutti e in ogni momento della giornata, in grado di operare significativi miglioramenti nello stato di salute generale.<\\\/p>\",\"margin\":\"default\"}}]}]}]},{\"name\":\"ambiti di applicazione\",\"type\":\"section\",\"props\":{\"animation\":\"fade\",\"css\":\".el-section > div {\\n\\tborder-top: 75px solid transparent;\\n    background-origin: border-box;\\n}\",\"image_position\":\"top-center\",\"image_size\":\"cover\",\"overlap\":false,\"padding_remove_bottom\":false,\"style\":\"default\",\"title_breakpoint\":\"xl\",\"title_position\":\"top-left\",\"title_rotation\":\"left\",\"vertical_align\":\"\",\"width\":\"large\"},\"children\":[{\"type\":\"row\",\"props\":{\"layout\":\"1-2,1-2\",\"vertical_align\":true},\"children\":[{\"type\":\"column\",\"props\":{\"image_position\":\"center-center\",\"position_sticky_breakpoint\":\"m\",\"vertical_align\":\"middle\",\"width_medium\":\"1-2\"},\"children\":[{\"type\":\"image\",\"props\":{\"image\":\"wp-content\\\/uploads\\\/2022\\\/07\\\/video-respirazione-cosciente.jpg\",\"image_border\":\"rounded\",\"image_svg_color\":\"emphasis\",\"link\":\"https:\\\/\\\/www.youtube.com\\\/watch?v=5RDy8r4U2aI\",\"link_target\":\"blank\",\"margin\":\"default\"}}]},{\"type\":\"column\",\"props\":{\"image_position\":\"center-center\",\"position_sticky_breakpoint\":\"m\",\"vertical_align\":\"middle\",\"width_medium\":\"1-2\"},\"children\":[{\"type\":\"headline\",\"props\":{\"block_align_breakpoint\":\"m\",\"block_align_fallback\":\"center\",\"content\":\"Mazdaznan Essential\",\"margin\":\"small\",\"margin_remove_bottom\":true,\"margin_remove_top\":false,\"maxwidth\":\"xlarge\",\"text_align\":\"left\",\"text_align_breakpoint\":\"m\",\"text_align_fallback\":\"center\",\"title_color\":\"primary\",\"title_element\":\"h2\",\"title_style\":\"h2\"}},{\"type\":\"headline\",\"props\":{\"content\":\"Pratica di base guidata di Respirazione YIMA\",\"margin\":\"small\",\"title_color\":\"muted\",\"title_element\":\"h3\",\"title_style\":\"h4\"}},{\"type\":\"text\",\"props\":{\"column_breakpoint\":\"m\",\"content\":\"\n\n<p><span>esercizio di Respirazione Cosciente guidato da Ester Patricia Ceresa per riscoprire una tradizione che rischia di scomparire.<\\\/span><\\\/p>\",\"margin\":\"default\"}}]}]}]}],\"version\":\"4.4.4\"} --><\/p>\n","protected":false},"excerpt":{"rendered":"<p>Respirazione Consapevole Mazdaznan Siamo circondati dall&#8217;Aria. Il ruolo dell&#8217;Aria nella salute e nel benessere naturale \u00e8 sottolineato fin dagli albori [&hellip;]<\/p>\n","protected":false},"author":1,"featured_media":0,"parent":17033,"menu_order":0,"comment_status":"closed","ping_status":"closed","template":"","meta":{"_acf_changed":false,"footnotes":""},"class_list":["post-17651","page","type-page","status-publish","hentry"],"acf":[],"_links":{"self":[{"href":"https:\/\/www.esterpatriciaceresa.com\/ro\/wp-json\/wp\/v2\/pages\/17651","targetHints":{"allow":["GET"]}}],"collection":[{"href":"https:\/\/www.esterpatriciaceresa.com\/ro\/wp-json\/wp\/v2\/pages"}],"about":[{"href":"https:\/\/www.esterpatriciaceresa.com\/ro\/wp-json\/wp\/v2\/types\/page"}],"author":[{"embeddable":true,"href":"https:\/\/www.esterpatriciaceresa.com\/ro\/wp-json\/wp\/v2\/users\/1"}],"replies":[{"embeddable":true,"href":"https:\/\/www.esterpatriciaceresa.com\/ro\/wp-json\/wp\/v2\/comments?post=17651"}],"version-history":[{"count":20,"href":"https:\/\/www.esterpatriciaceresa.com\/ro\/wp-json\/wp\/v2\/pages\/17651\/revisions"}],"predecessor-version":[{"id":23748,"href":"https:\/\/www.esterpatriciaceresa.com\/ro\/wp-json\/wp\/v2\/pages\/17651\/revisions\/23748"}],"up":[{"embeddable":true,"href":"https:\/\/www.esterpatriciaceresa.com\/ro\/wp-json\/wp\/v2\/pages\/17033"}],"wp:attachment":[{"href":"https:\/\/www.esterpatriciaceresa.com\/ro\/wp-json\/wp\/v2\/media?parent=17651"}],"curies":[{"name":"wp","href":"https:\/\/api.w.org\/{rel}","templated":true}]}}