{"id":17502,"date":"2022-07-11T10:53:23","date_gmt":"2022-07-11T08:53:23","guid":{"rendered":"https:\/\/www.esterpatriciaceresa.com\/?page_id=17502"},"modified":"2024-12-29T23:00:19","modified_gmt":"2024-12-29T22:00:19","slug":"uman-alchimie","status":"publish","type":"page","link":"https:\/\/www.esterpatriciaceresa.com\/ro\/chiavi-del-cambiamento\/alchimia-umana\/","title":{"rendered":"Alchimie uman\u0103"},"content":{"rendered":"<div>\n<p>    <img decoding=\"async\" src=\"https:\/\/www.esterpatriciaceresa.com\/wp-content\/uploads\/2022\/07\/alchimia-umana.jpg\" alt=\"\"><\/p>\n<h3>Alchimia Umana<\/h3>\n<p>Il Cammino Aureo<\/p>\n<div>\n<p>Alla ricerca della Pietra Filosofale, la via maestra che ogni essere umano pu\u00f2 intraprendere verso la propria elevazione e raggiungere l\u2019Oro Interiore.<\/p>\n<\/div>\n<\/div>\n<div>\n<p>La chimica moderna affonda le proprie radici nell&#8217;antica alchimia. Il fascino senza tempo del cammino alla ricerca della Pietra Filosofale assume un significato profondo se applicato all\u2019uomo che anela conoscere s\u00e8 stesso e alla sua ricerca di una particella di immortalit\u00e0.<\/p>\n<p>Il segreto della Trasmutazione dei metalli volgari pesanti in metalli nobili viene inteso come allegoria della Aurea Via, il percorso che ogni essere umano pu\u00f2 intraprendere verso la propria elevazione, necessario per arrivare all\u2019Oro Interiore.<\/p>\n<p>Oggi, in termini riduttivi, si potrebbe parlare di sviluppo e crescita personale, sviluppo del potenziale umano, elevazione, quindi l&#8217;oro interiore diventa l&#8217;essere presenti, pienamente consapevoli di s\u00e8 stessi, delle proprie capacit\u00e0 e potenzialit\u00e0.\u00a0\u00a0<\/p>\n<p>La Trasmutazione avviene con un processo differente da quello della Trasformazione.<\/p>\n<p>Il metallo non cambia forma, cambia sostanza. Allo stesso modo in termini di<span>\u00a0<\/span><a href=\"https:\/\/www.esterpatriciaceresa.com\/lab-tutorial-esercizio-di-alchimia-umana\/\"><span>Alchimia Umana<\/span><\/a><span>\u00a0<\/span>l\u2019uomo non cambia la propria forma, cambia la propria natura. Mentre la trasformazione comporta un cambiamento di forma come suggerisce l\u2019analisi etimologica della parola, la trasmutazione toglie le maschere dell\u2019essere umano per rivelargli la sua vera natura.<\/p>\n<h5>Arrivare alla conoscenza di quello che non conosce al di l\u00e0 delle apparenze.<\/h5>\n<p>Per fare questo nella visione della Filosofia Alchemica l\u2019uomo deve intraprendere un cammino iniziatico all\u2019interno di s\u00e9 stesso, esplorare le proprie ombre e oscurit\u00e0 per trasmutarle in luce. E\u2019 una missione nel buio che richiede impegno, perseveranza, presenza, allineamento, silenzio e fede assoluta nelle forze della natura, perch\u00e9 il fine non \u00e9 semplicemente far entrare la luce ma trasmutare la materia in luce eliminando le ombre, ovvero il velo che copre la verit\u00e0.<\/p>\n<p>La nobile Arte dell\u2019Alchimia Umana non \u00e8 scienza e i suoi fenomeni sono a volte inspiegabili al nostro intelletto.<\/p>\n<h3>ERMETISMO<\/h3>\n<h5>Qual\u2019\u00e8 la sua connessione con l\u2019alchimia?<\/h5>\n<p><a href=\"https:\/\/www.esterpatriciaceresa.com\/lab-tutorial-esercizio-di-ermetismo\/\">L\u2019ermetismo<\/a>, dottrina basata sugli insegnamenti di Ermete Trismegisto, inoltra al<span>\u00a0<\/span><span><a href=\"https:\/\/youtube.com\/playlist?list=PLk_87XB5AfEr4Qzykp-DZVbfYy7yr4TgJ\">Cammino Aureo<\/a>\u00a0<\/span>e spiega come praticare la magia alchemica, per arrivare al s\u00e9 superiore. La tradizione esoterica dei popoli viene ricondotta ad Hermes e Ermete porta gi\u00e0 nel nome un primo messaggio, vuol dire \u201cHermes il tre volte grandissimo\u201d. Nella sua Tavola Smeraldina ha scolpito i principi universali considerati come i segreti della materia prima e della trasmutazione.<\/p>\n<h5 align=\"justify\"><strong>Verum sine mendacio, certum et verissimum.<\/strong><\/h5>\n<p align=\"justify\"><em>\u201cQuod est inferius est sicut quod est superius, et quod est superius est sicut quod est inferius ad perpetranda miracola Rei Unius. Et sicut omnes res fuerunt Uno, meditatione Unius: sic omnes res natae fuerunt ab hac Una re adaptatione. Pater eius est Sol, mater eius Luna. Portavit illud ventus in ventre suo. Nutrix eius terra est. Pater omnis telesmi totius mundi est hic. Vis eius integra est, si versa fuerit in terram. Separabis terram ab igne, subtile a spisso, suaviter cum magno ingenio. Ascendit a terra in coelum, iterumque descendit in terram, et recipit vim superiorum et inferiorum. Sic habes gloriam totius mundi. Ideo fugiet a te omnis obscuritas. Hic est totius fortitudinis fortitudo fortis, quia vincet omnem rem subtilem; omnemque solidam penetrabit: SIC MUNDUS CREATUS EST. Hinc erunt adaptationes mirabiles, quarum modus hic est. Itaque vocatus sum Hermes Trismegistus, habens tres partes philosophiae totius mundi. Completum est quod dixi de operatione solis. \u201c<\/em><\/p>\n<h5 style=\"text-align: right;\"><i>Hermes Trismegistus \u2013 Tabula Smaragdina<\/i><\/h5>\n<\/div>\n<h3>Una Playlist Dedicata a tutorial pratica e laboratorio<\/h3>\n<p>\n    <a href=\"https:\/\/youtube.com\/playlist?list=PLk_87XB5AfEpqjIfubraJ4MYlBnAxmccz\">Lab &#038; Tutorial<\/a>\n<\/p>\n<p><iframe src=\"https:\/\/www.youtube.com\/watch?v=hcqAD8JaKXU\"><\/iframe><\/p>\n<h2>Ermetismo e alchimia<\/h2>\n<h3>Cosa sono e come sono correlati all\u2019evoluzione personale?<\/h3>\n<div>\n<p>Nelle suggestive stanze del Castello di Nerola si parla di conoscenze esoteriche trasmesse da simbologie allegoriche, criptiche e misteriose.<\/p>\n<\/div>\n<p><iframe src=\"https:\/\/www.youtube.com\/watch?v=PEO_no0Juw4\"><\/iframe><\/p>\n<h2>Alchemy essential<\/h2>\n<h3>Pratica alchemica di base guidata<\/h3>\n<div>\n<p>Esercizio di Alchimia Umana guidato da Ester Patricia Ceresa per iniziare ad accedere in modo semplice ad un sapere ancora oggi riservato a pochi.<\/p>\n<\/div>\n<p><!--more--><br \/>\n<!-- {\"name\":\"Layout Chiavi Cambiamento\",\"type\":\"layout\",\"children\":[{\"name\":\"Hero Section\",\"type\":\"section\",\"props\":{\"animation\":\"fade\",\"header_transparent\":true,\"header_transparent_noplaceholder\":false,\"header_transparent_text_color\":\"dark\",\"image\":\"wp-content\\\/uploads\\\/2022\\\/06\\\/bg-cloud-header-gold.svg\",\"image_position\":\"top-center\",\"media_visibility\":\"s\",\"padding\":\"none\",\"style\":\"default\",\"text_color\":\"light\",\"title_breakpoint\":\"xl\",\"title_position\":\"top-left\",\"title_rotation\":\"left\",\"vertical_align\":\"\",\"width\":\"\"},\"children\":[{\"type\":\"row\",\"children\":[{\"type\":\"column\",\"props\":{\"image_position\":\"center-center\",\"position_sticky_breakpoint\":\"m\",\"width_medium\":\"1-1\"},\"children\":[{\"type\":\"slideshow\",\"props\":{\"content_style\":\"text-lead\",\"image_loading\":true,\"link_style\":\"default\",\"link_text\":\"Read more\",\"margin\":\"default\",\"meta_align\":\"below-title\",\"meta_element\":\"div\",\"meta_style\":\"h4\",\"nav\":\"\",\"nav_align\":\"center\",\"nav_breakpoint\":\"s\",\"nav_position\":\"bottom-center\",\"nav_position_margin\":\"medium\",\"overlay_animation\":\"parallax\",\"overlay_container\":\"large\",\"overlay_position\":\"center-left\",\"show_content\":true,\"show_link\":false,\"show_meta\":true,\"show_thumbnail\":false,\"show_title\":true,\"slidenav\":\"\",\"slidenav_breakpoint\":\"s\",\"slidenav_margin\":\"medium\",\"slidenav_outside_breakpoint\":\"xl\",\"slideshow_autoplay_pause\":true,\"slideshow_height\":\"viewport\",\"slideshow_height_offset_top\":true,\"slideshow_height_viewport\":80,\"slideshow_min_height\":\"\",\"thumbnav_height\":\"75\",\"thumbnav_svg_color\":\"emphasis\",\"thumbnav_width\":\"100\",\"title_element\":\"h3\",\"title_style\":\"heading-small\"},\"children\":[{\"type\":\"slideshow_item\",\"props\":{\"content\":\"\n\n<p>Alla ricerca della Pietra Filosofale, la via maestra che ogni essere umano pu\\u00f2 intraprendere verso la propria elevazione e raggiungere l\\u2019Oro Interiore.<\\\/p>\",\"image\":\"https:\\\/\\\/www.esterpatriciaceresa.com\\\/wp-content\\\/uploads\\\/2022\\\/07\\\/alchimia-umana.jpg\",\"media_overlay\":\"rgba(0, 0, 0, 0.2)\",\"meta\":\"Il Cammino Aureo\",\"title\":\"Alchimia Umana\"}}]}]}]}]},{\"name\":\"identikit\",\"type\":\"section\",\"props\":{\"animation\":\"fade\",\"animation_delay\":false,\"image_position\":\"bottom-center\",\"padding_remove_top\":false,\"style\":\"default\",\"title_breakpoint\":\"xl\",\"title_position\":\"top-left\",\"title_rotation\":\"left\",\"vertical_align\":\"\",\"width\":\"large\"},\"children\":[{\"type\":\"row\",\"props\":{\"column_gap\":\"large\",\"margin\":\"large\",\"row_gap\":\"large\",\"vertical_align\":false},\"children\":[{\"type\":\"column\",\"props\":{\"image_position\":\"center-center\",\"position_sticky_breakpoint\":\"m\",\"vertical_align\":\"middle\"},\"children\":[{\"type\":\"text\",\"props\":{\"column_breakpoint\":\"m\",\"content\":\"\n\n<p>La chimica moderna affonda le proprie radici nell'antica alchimia. Il fascino senza tempo del cammino alla ricerca della Pietra Filosofale assume un significato profondo se applicato all\\u2019uomo che anela conoscere s\\u00e8 stesso e alla sua ricerca di una particella di immortalit\\u00e0.<\\\/p>\\n\n\n<p>Il segreto della Trasmutazione dei metalli volgari pesanti in metalli nobili viene inteso come allegoria della Aurea Via, il percorso che ogni essere umano pu\\u00f2 intraprendere verso la propria elevazione, necessario per arrivare all\\u2019Oro Interiore.<\\\/p>\\n\n\n<p>Oggi, in termini riduttivi, si potrebbe parlare di sviluppo e crescita personale, sviluppo del potenziale umano, elevazione, quindi l'oro interiore diventa l'essere presenti, pienamente consapevoli di s\\u00e8 stessi, delle proprie capacit\\u00e0 e potenzialit\\u00e0.\\u00a0\\u00a0<\\\/p>\\n\n\n<p>La Trasmutazione avviene con un processo differente da quello della Trasformazione.<\\\/p>\\n\n\n<p>Il metallo non cambia forma, cambia sostanza. Allo stesso modo in termini di<span>\\u00a0<\\\/span><a href=\\\"https:\\\/\\\/www.esterpatriciaceresa.com\\\/lab-tutorial-esercizio-di-alchimia-umana\\\/\\\"><span>Alchimia Umana<\\\/span><\\\/a><span>\\u00a0<\\\/span>l\\u2019uomo non cambia la propria forma, cambia la propria natura. Mentre la trasformazione comporta un cambiamento di forma come suggerisce l\\u2019analisi etimologica della parola, la trasmutazione toglie le maschere dell\\u2019essere umano per rivelargli la sua vera natura.<\\\/p>\\n\n\n<h5>Arrivare alla conoscenza di quello che non conosce al di l\\u00e0 delle apparenze.<\\\/h5>\\n\n\n<p>Per fare questo nella visione della Filosofia Alchemica l\\u2019uomo deve intraprendere un cammino iniziatico all\\u2019interno di s\\u00e9 stesso, esplorare le proprie ombre e oscurit\\u00e0 per trasmutarle in luce. E\\u2019 una missione nel buio che richiede impegno, perseveranza, presenza, allineamento, silenzio e fede assoluta nelle forze della natura, perch\\u00e9 il fine non \\u00e9 semplicemente far entrare la luce ma trasmutare la materia in luce eliminando le ombre, ovvero il velo che copre la verit\\u00e0.<\\\/p>\\n\n\n<p>La nobile Arte dell\\u2019Alchimia Umana non \\u00e8 scienza e i suoi fenomeni sono a volte inspiegabili al nostro intelletto.<\\\/p>\\n\n\n<h3>ERMETISMO<\\\/h3>\\n\n\n<h5>Qual\\u2019\\u00e8 la sua connessione con l\\u2019alchimia?<\\\/h5>\\n\n\n<p><a href=\\\"https:\\\/\\\/www.esterpatriciaceresa.com\\\/lab-tutorial-esercizio-di-ermetismo\\\/\\\">L\\u2019ermetismo<\\\/a>, dottrina basata sugli insegnamenti di Ermete Trismegisto, inoltra al<span>\\u00a0<\\\/span><span><a href=\\\"https:\\\/\\\/youtube.com\\\/playlist?list=PLk_87XB5AfEr4Qzykp-DZVbfYy7yr4TgJ\\\">Cammino Aureo<\\\/a>\\u00a0<\\\/span>e spiega come praticare la magia alchemica, per arrivare al s\\u00e9 superiore. La tradizione esoterica dei popoli viene ricondotta ad Hermes e Ermete porta gi\\u00e0 nel nome un primo messaggio, vuol dire \\u201cHermes il tre volte grandissimo\\u201d. Nella sua Tavola Smeraldina ha scolpito i principi universali considerati come i segreti della materia prima e della trasmutazione.<\\\/p>\\n\n\n<h5 align=\\\"justify\\\"><strong>Verum sine mendacio, certum et verissimum.<\\\/strong><\\\/h5>\\n\n\n<p align=\\\"justify\\\"><em>\\u201cQuod est inferius est sicut quod est superius, et quod est superius est sicut quod est inferius ad perpetranda miracola Rei Unius. Et sicut omnes res fuerunt Uno, meditatione Unius: sic omnes res natae fuerunt ab hac Una re adaptatione. Pater eius est Sol, mater eius Luna. Portavit illud ventus in ventre suo. Nutrix eius terra est. Pater omnis telesmi totius mundi est hic. Vis eius integra est, si versa fuerit in terram. Separabis terram ab igne, subtile a spisso, suaviter cum magno ingenio. Ascendit a terra in coelum, iterumque descendit in terram, et recipit vim superiorum et inferiorum. Sic habes gloriam totius mundi. Ideo fugiet a te omnis obscuritas. Hic est totius fortitudinis fortitudo fortis, quia vincet omnem rem subtilem; omnemque solidam penetrabit: SIC MUNDUS CREATUS EST. Hinc erunt adaptationes mirabiles, quarum modus hic est. Itaque vocatus sum Hermes Trismegistus, habens tres partes philosophiae totius mundi. Completum est quod dixi de operatione solis. \\u201c<\\\/em><\\\/p>\\n\n\n<h5 style=\\\"text-align: right;\\\"><i>Hermes Trismegistus \\u2013 Tabula Smaragdina<\\\/i><\\\/h5>\",\"margin\":\"default\"}}]}]}]},{\"type\":\"section\",\"props\":{\"image_position\":\"center-center\",\"style\":\"muted\",\"title_breakpoint\":\"xl\",\"title_position\":\"top-left\",\"title_rotation\":\"left\",\"vertical_align\":\"\",\"width\":\"small\"},\"children\":[{\"type\":\"row\",\"children\":[{\"type\":\"column\",\"props\":{\"image_position\":\"center-center\",\"position_sticky_breakpoint\":\"m\"},\"children\":[{\"type\":\"headline\",\"props\":{\"content\":\"Una Playlist Dedicata a tutorial pratica e laboratorio\",\"text_align\":\"center\",\"title_element\":\"h3\"}},{\"type\":\"button\",\"props\":{\"fullwidth\":true,\"grid_column_gap\":\"small\",\"grid_row_gap\":\"small\",\"margin\":\"default\"},\"children\":[{\"type\":\"button_item\",\"props\":{\"button_style\":\"primary\",\"content\":\"Lab & Tutorial\",\"icon\":\"youtube\",\"icon_align\":\"left\",\"link\":\"https:\\\/\\\/youtube.com\\\/playlist?list=PLk_87XB5AfEpqjIfubraJ4MYlBnAxmccz\",\"link_target\":\"blank\"}}]}]}]}],\"name\":\"lab tutorial\"},{\"type\":\"section\",\"props\":{\"image_position\":\"center-center\",\"style\":\"default\",\"title_breakpoint\":\"xl\",\"title_position\":\"top-left\",\"title_rotation\":\"left\",\"vertical_align\":\"\",\"width\":\"default\"},\"children\":[{\"type\":\"row\",\"props\":{\"layout\":\"1-2,1-2\"},\"children\":[{\"type\":\"column\",\"props\":{\"image_position\":\"center-center\",\"position_sticky_breakpoint\":\"m\",\"width_medium\":\"1-2\"},\"children\":[{\"type\":\"video\",\"props\":{\"margin\":\"default\",\"video\":\"https:\\\/\\\/www.youtube.com\\\/watch?v=hcqAD8JaKXU\",\"video_controls\":true,\"video_width\":\"900\"}}]},{\"type\":\"column\",\"props\":{\"image_position\":\"center-center\",\"position_sticky_breakpoint\":\"m\",\"width_medium\":\"1-2\"},\"children\":[{\"type\":\"headline\",\"props\":{\"content\":\"Ermetismo e alchimia\",\"title_color\":\"primary\",\"title_element\":\"h2\"}},{\"type\":\"headline\",\"props\":{\"content\":\"Cosa sono e come sono correlati all\\u2019evoluzione personale?\",\"margin\":\"small\",\"title_element\":\"h3\",\"title_style\":\"h4\"}},{\"type\":\"text\",\"props\":{\"column_breakpoint\":\"m\",\"content\":\"\n\n<p>Nelle suggestive stanze del Castello di Nerola si parla di conoscenze esoteriche trasmesse da simbologie allegoriche, criptiche e misteriose.<\\\/p>\",\"margin\":\"default\"}}]}]}],\"name\":\"video ermetismo e alchimia\"},{\"type\":\"section\",\"props\":{\"image_position\":\"center-center\",\"style\":\"default\",\"title_breakpoint\":\"xl\",\"title_position\":\"top-left\",\"title_rotation\":\"left\",\"vertical_align\":\"\",\"width\":\"default\"},\"children\":[{\"type\":\"row\",\"props\":{\"layout\":\"1-2,1-2\"},\"children\":[{\"type\":\"column\",\"props\":{\"image_position\":\"center-center\",\"position_sticky_breakpoint\":\"m\",\"width_medium\":\"1-2\"},\"children\":[{\"type\":\"video\",\"props\":{\"margin\":\"default\",\"video\":\"https:\\\/\\\/www.youtube.com\\\/watch?v=PEO_no0Juw4\",\"video_controls\":true,\"video_width\":\"900\"}}]},{\"type\":\"column\",\"props\":{\"image_position\":\"center-center\",\"position_sticky_breakpoint\":\"m\",\"width_medium\":\"1-2\"},\"children\":[{\"type\":\"headline\",\"props\":{\"content\":\"Alchemy essential\",\"title_color\":\"primary\",\"title_element\":\"h2\"}},{\"type\":\"headline\",\"props\":{\"content\":\"Pratica alchemica di base guidata\",\"margin\":\"small\",\"title_element\":\"h3\",\"title_style\":\"h4\"}},{\"type\":\"text\",\"props\":{\"column_breakpoint\":\"m\",\"content\":\"\n\n<p>Esercizio di Alchimia Umana guidato da Ester Patricia Ceresa per iniziare ad accedere in modo semplice ad un sapere ancora oggi riservato a pochi.<\\\/p>\",\"margin\":\"default\"}}]}]}],\"name\":\"video pratica alchemica\"}],\"version\":\"4.4.16\"} --><\/p>\n","protected":false},"excerpt":{"rendered":"<p>Alchimia Umana Il Cammino Aureo Alla ricerca della Pietra Filosofale, la via maestra che ogni essere umano pu\u00f2 intraprendere verso [&hellip;]<\/p>\n","protected":false},"author":1,"featured_media":0,"parent":17033,"menu_order":0,"comment_status":"closed","ping_status":"closed","template":"","meta":{"_acf_changed":false,"footnotes":""},"class_list":["post-17502","page","type-page","status-publish","hentry"],"acf":[],"_links":{"self":[{"href":"https:\/\/www.esterpatriciaceresa.com\/ro\/wp-json\/wp\/v2\/pages\/17502","targetHints":{"allow":["GET"]}}],"collection":[{"href":"https:\/\/www.esterpatriciaceresa.com\/ro\/wp-json\/wp\/v2\/pages"}],"about":[{"href":"https:\/\/www.esterpatriciaceresa.com\/ro\/wp-json\/wp\/v2\/types\/page"}],"author":[{"embeddable":true,"href":"https:\/\/www.esterpatriciaceresa.com\/ro\/wp-json\/wp\/v2\/users\/1"}],"replies":[{"embeddable":true,"href":"https:\/\/www.esterpatriciaceresa.com\/ro\/wp-json\/wp\/v2\/comments?post=17502"}],"version-history":[{"count":30,"href":"https:\/\/www.esterpatriciaceresa.com\/ro\/wp-json\/wp\/v2\/pages\/17502\/revisions"}],"predecessor-version":[{"id":24719,"href":"https:\/\/www.esterpatriciaceresa.com\/ro\/wp-json\/wp\/v2\/pages\/17502\/revisions\/24719"}],"up":[{"embeddable":true,"href":"https:\/\/www.esterpatriciaceresa.com\/ro\/wp-json\/wp\/v2\/pages\/17033"}],"wp:attachment":[{"href":"https:\/\/www.esterpatriciaceresa.com\/ro\/wp-json\/wp\/v2\/media?parent=17502"}],"curies":[{"name":"wp","href":"https:\/\/api.w.org\/{rel}","templated":true}]}}