{"id":18367,"date":"2022-08-25T12:48:51","date_gmt":"2022-08-25T10:48:51","guid":{"rendered":"https:\/\/www.esterpatriciaceresa.com\/?page_id=18367"},"modified":"2024-12-30T18:27:34","modified_gmt":"2024-12-30T17:27:34","slug":"not-verbal-communication","status":"publish","type":"page","link":"https:\/\/www.esterpatriciaceresa.com\/en\/chiavi-del-cambiamento\/comunicazione-non-verbale\/","title":{"rendered":"Not verbal communication"},"content":{"rendered":"<div>\n<p>    <img decoding=\"async\" src=\"https:\/\/www.esterpatriciaceresa.com\/wp-content\/uploads\/2022\/08\/comunicazione-non-verbale.jpg\" alt=\"\"><\/p>\n<h3>Comunicazione non Verbale<\/h3>\n<p>La comunicazione dell\u2019uomo \u00e9 strutturata in un sistema complesso di linguaggi.<\/p>\n<\/div>\n<div>\n<p>E\u2019 la lingua atavica del primate, quella che ogni essere umano sulla faccia della terra parla e capisce.<\/p>\n<p>L\u2019evoluzione dell\u2019uomo a questo livello si presenta come una<span>\u00a0<\/span><em>involuzione,<\/em><span>\u00a0<\/span>perch\u00e9 in tempi odierni l\u2019essere umano continua come allora ad esprimersi soprattutto con il linguaggio del corpo, eppure non lo capisce pi\u00f9, ovvero<span>\u00a0<\/span><em>parla una lingua che ignora<\/em>.<\/p>\n<p>Sembrerebbe un paradosso.<\/p>\n<p>E\u2019 come se l\u2019evoluzione tecnologica avesse affinato e portato nuove capacit\u00e0 nella nostra specie ma ne avesse messo in disparte alcune preziose che sono finite nel dimenticatoio.<\/p>\n<p>La buona notizia \u00e8 che niente \u00e8 perduto, perch\u00e9 questa conoscenza rimane come traccia inconscia.<\/p>\n<p>Anche se la mente razionale non \u00e9 pi\u00f9 stata educata a comprendere la comunicazione non verbale,<em><span>\u00a0<\/span>siamo ancora<\/em><span>\u00a0<\/span>inconsciamente competenti in questa materia.<\/p>\n<p>Siccome la mente apprende per ripetizione (tutte le facolt\u00e0 nascono da un processo di educazione e sviluppo che poi diventano abitudine), ecco che \u00e9 possibile tornare ad essere consciamente competenti e tornare a far lavorare in altissima performance il sistema mens -corpore, dove lo scambio di informazioni fra mente e corpo \u00e8 fluido e continuo.<\/p>\n<p>Se vogliamo essere tutto quello che possiamo essere fra le altre cose \u00e8 determinante RI-acquisire la capacit\u00e0 di comunicare con il corpo e comprendere il messaggio dei nostri simili.<\/p>\n<p>Possiamo ri-educarci a comprendere la lingua che parliamo di pi\u00f9! I benefici e i vantaggi sono molteplici. Per:<\/p>\n<ul>\n<li>Avere una comunicazione perfetta, dire e fare sempre la cosa giusta per ogni occasione<\/li>\n<li>Aiutare s\u00e9 stessi e gli altri, perch\u00e9 permette di interpretare i pensieri e gli stati emotivi<\/li>\n<li>Avere successo e migliori performance in ogni campo<\/li>\n<li>Andare in profondit\u00e0 e empatia con l\u2019altro<\/li>\n<li>Avere maggiori informazioni e padronanza delle emozioni<\/li>\n<li>Essere sicuri di interpretare le reali intenzioni dell\u2019altro, anche quelle celate<\/li>\n<li>Ottenere tutte le informazioni che ci servono<\/li>\n<li>Avere una marcia in pi\u00f9 professionale<\/li>\n<li>Avere relazioni armoniose<\/li>\n<\/ul>\n<\/div>\n<h1>\n<h2>La lingua del nostro inconscio<\/h2>\n<\/h1>\n<div>\n<p>Se la comunicazione verbale (logica) \u00e8 la lingua della nostra mente conscia, la comunicazione non verbale (analogica) \u00e8 la lingua della nostra mente inconscia.\u00a0 Il nostro corpo parla (linguaggio del corpo) e il corpo \u00e8 la casa dell&#8217;inconscio. Per questo motivo la comunicazione non verbale viene applicata in moltissimi ambiti: selezione e gestione delle risorse umane, comunicazione, didattica e insegnamento, politica, ambito criminale, solo per citarne alcuni, e viene impiegata anche nelle pratiche di ipnosi, perch\u00e9 permette di aprire un dialogo con il nostro inconscio in modo pi\u00f9 rapido, diretto e costruttivo. Se le tecniche di ipnosi verbale, come ad esempio quelle ericksoniane che sono le pi\u00f9 diffuse, sono efficaci soprattutto per determinati soggetti, quelle di ipnosi non verbale, come ad esempio il mesmerismo e la fascinazione, vanno bene per tutti perch\u00e9 letteralmente si rivolgono all&#8217;inconscio con la sua stessa lingua.<\/p>\n<p>In questo <a href=\"https:\/\/youtu.be\/6_HeLOm5xAg\" target=\"_blank\" rel=\"noopener\">video puoi vedere una dimostrazione di come funziona una tecnica di ipnosi non verbale<\/a>, come pu\u00f2 essere utilizzata e quali vantaggi porta.<\/p>\n<\/div>\n<p><iframe src=\"https:\/\/youtu.be\/6_HeLOm5xAg\"><\/iframe><\/p>\n<h3>Per te una Playlist video di esercizi e pratica<\/h3>\n<p>\n    <a href=\"https:\/\/youtube.com\/playlist?list=PLk_87XB5AfEpqjIfubraJ4MYlBnAxmccz\">Lab &#038; Tutorial<\/a>\n<\/p>\n<p><!--more--><br \/>\n<!-- {\"name\":\"Chiavi del cambiamento + Sidebar\",\"type\":\"layout\",\"children\":[{\"name\":\"Hero Section\",\"type\":\"section\",\"props\":{\"animation\":\"fade\",\"header_transparent\":true,\"header_transparent_noplaceholder\":false,\"header_transparent_text_color\":\"dark\",\"image\":\"wp-content\\\/uploads\\\/2022\\\/06\\\/bg-cloud-header-gold.svg\",\"image_position\":\"top-center\",\"media_visibility\":\"s\",\"padding\":\"none\",\"style\":\"default\",\"text_color\":\"light\",\"title_breakpoint\":\"xl\",\"title_position\":\"top-left\",\"title_rotation\":\"left\",\"vertical_align\":\"\",\"width\":\"\"},\"children\":[{\"type\":\"row\",\"children\":[{\"type\":\"column\",\"props\":{\"image_position\":\"center-center\",\"position_sticky_breakpoint\":\"m\",\"width_medium\":\"1-1\"},\"children\":[{\"type\":\"slideshow\",\"props\":{\"content_style\":\"text-lead\",\"image_loading\":true,\"link_style\":\"default\",\"link_text\":\"Read more\",\"margin\":\"default\",\"meta_align\":\"below-title\",\"meta_element\":\"div\",\"meta_style\":\"h4\",\"nav\":\"\",\"nav_align\":\"center\",\"nav_breakpoint\":\"s\",\"nav_position\":\"bottom-center\",\"nav_position_margin\":\"medium\",\"overlay_animation\":\"parallax\",\"overlay_container\":\"large\",\"overlay_position\":\"center-left\",\"show_content\":true,\"show_link\":false,\"show_meta\":true,\"show_thumbnail\":false,\"show_title\":true,\"slidenav\":\"\",\"slidenav_breakpoint\":\"s\",\"slidenav_margin\":\"medium\",\"slidenav_outside_breakpoint\":\"xl\",\"slideshow_autoplay_pause\":true,\"slideshow_height\":\"viewport\",\"slideshow_height_offset_top\":true,\"slideshow_height_viewport\":80,\"slideshow_min_height\":\"\",\"thumbnav_height\":\"75\",\"thumbnav_svg_color\":\"emphasis\",\"thumbnav_width\":\"100\",\"title_element\":\"h3\",\"title_style\":\"heading-small\"},\"children\":[{\"type\":\"slideshow_item\",\"props\":{\"content\":\"\",\"image\":\"https:\\\/\\\/www.esterpatriciaceresa.com\\\/wp-content\\\/uploads\\\/2022\\\/08\\\/comunicazione-non-verbale.jpg\",\"media_overlay\":\"rgba(0, 0, 0, 0.15)\",\"meta\":\"La comunicazione dell\\u2019uomo \\u00e9 strutturata in un sistema complesso di linguaggi.\",\"title\":\"Comunicazione non Verbale\"}}]}]}]}]},{\"name\":\"About\",\"type\":\"section\",\"props\":{\"animation\":\"fade\",\"image_position\":\"center-center\",\"style\":\"default\",\"title_breakpoint\":\"xl\",\"title_position\":\"top-left\",\"title_rotation\":\"left\",\"vertical_align\":\"\",\"width\":\"large\"},\"children\":[{\"type\":\"row\",\"children\":[{\"type\":\"column\",\"props\":{\"image_position\":\"center-center\",\"position_sticky_breakpoint\":\"m\"},\"children\":[{\"type\":\"text\",\"props\":{\"column_breakpoint\":\"m\",\"content\":\"\n\n<p>E\\u2019 la lingua atavica del primate, quella che ogni essere umano sulla faccia della terra parla e capisce.<\\\/p>\\n\n\n<p>L\\u2019evoluzione dell\\u2019uomo a questo livello si presenta come una<span>\\u00a0<\\\/span><em>involuzione,<\\\/em><span>\\u00a0<\\\/span>perch\\u00e9 in tempi odierni l\\u2019essere umano continua come allora ad esprimersi soprattutto con il linguaggio del corpo, eppure non lo capisce pi\\u00f9, ovvero<span>\\u00a0<\\\/span><em>parla una lingua che ignora<\\\/em>.<\\\/p>\\n\n\n<p>Sembrerebbe un paradosso.<\\\/p>\\n\n\n<p>E\\u2019 come se l\\u2019evoluzione tecnologica avesse affinato e portato nuove capacit\\u00e0 nella nostra specie ma ne avesse messo in disparte alcune preziose che sono finite nel dimenticatoio.<\\\/p>\\n\n\n<p>La buona notizia \\u00e8 che niente \\u00e8 perduto, perch\\u00e9 questa conoscenza rimane come traccia inconscia.<\\\/p>\\n\n\n<p>Anche se la mente razionale non \\u00e9 pi\\u00f9 stata educata a comprendere la comunicazione non verbale,<em><span>\\u00a0<\\\/span>siamo ancora<\\\/em><span>\\u00a0<\\\/span>inconsciamente competenti in questa materia.<\\\/p>\\n\n\n<p>Siccome la mente apprende per ripetizione (tutte le facolt\\u00e0 nascono da un processo di educazione e sviluppo che poi diventano abitudine), ecco che \\u00e9 possibile tornare ad essere consciamente competenti e tornare a far lavorare in altissima performance il sistema mens -corpore, dove lo scambio di informazioni fra mente e corpo \\u00e8 fluido e continuo.<\\\/p>\\n\n\n<p>Se vogliamo essere tutto quello che possiamo essere fra le altre cose \\u00e8 determinante RI-acquisire la capacit\\u00e0 di comunicare con il corpo e comprendere il messaggio dei nostri simili.<\\\/p>\\n\n\n<p>Possiamo ri-educarci a comprendere la lingua che parliamo di pi\\u00f9! I benefici e i vantaggi sono molteplici. Per:<\\\/p>\\n\n\n<ul>\\n\n\n<li>Avere una comunicazione perfetta, dire e fare sempre la cosa giusta per ogni occasione<\\\/li>\\n\n\n<li>Aiutare s\\u00e9 stessi e gli altri, perch\\u00e9 permette di interpretare i pensieri e gli stati emotivi<\\\/li>\\n\n\n<li>Avere successo e migliori performance in ogni campo<\\\/li>\\n\n\n<li>Andare in profondit\\u00e0 e empatia con l\\u2019altro<\\\/li>\\n\n\n<li>Avere maggiori informazioni e padronanza delle emozioni<\\\/li>\\n\n\n<li>Essere sicuri di interpretare le reali intenzioni dell\\u2019altro, anche quelle celate<\\\/li>\\n\n\n<li>Ottenere tutte le informazioni che ci servono<\\\/li>\\n\n\n<li>Avere una marcia in pi\\u00f9 professionale<\\\/li>\\n\n\n<li>Avere relazioni armoniose<\\\/li>\\n<\\\/ul>\",\"margin\":\"default\"}}]}]}]},{\"type\":\"section\",\"props\":{\"image_position\":\"center-center\",\"style\":\"default\",\"title_breakpoint\":\"xl\",\"title_position\":\"top-left\",\"title_rotation\":\"left\",\"vertical_align\":\"middle\",\"width\":\"default\"},\"children\":[{\"type\":\"row\",\"children\":[{\"type\":\"column\",\"props\":{\"image_position\":\"center-center\",\"position_sticky_breakpoint\":\"m\"},\"children\":[{\"type\":\"headline\",\"props\":{\"content\":\"\n\n<h2>La lingua del nostro inconscio<\\\/h2>\",\"title_element\":\"h1\"}},{\"type\":\"text\",\"props\":{\"column_breakpoint\":\"m\",\"content\":\"\n\n<p>Se la comunicazione verbale (logica) \\u00e8 la lingua della nostra mente conscia, la comunicazione non verbale (analogica) \\u00e8 la lingua della nostra mente inconscia.\\u00a0 Il nostro corpo parla (linguaggio del corpo) e il corpo \\u00e8 la casa dell'inconscio. Per questo motivo la comunicazione non verbale viene applicata in moltissimi ambiti: selezione e gestione delle risorse umane, comunicazione, didattica e insegnamento, politica, ambito criminale, solo per citarne alcuni, e viene impiegata anche nelle pratiche di ipnosi, perch\\u00e9 permette di aprire un dialogo con il nostro inconscio in modo pi\\u00f9 rapido, diretto e costruttivo. Se le tecniche di ipnosi verbale, come ad esempio quelle ericksoniane che sono le pi\\u00f9 diffuse, sono efficaci soprattutto per determinati soggetti, quelle di ipnosi non verbale, come ad esempio il mesmerismo e la fascinazione, vanno bene per tutti perch\\u00e9 letteralmente si rivolgono all'inconscio con la sua stessa lingua.<\\\/p>\\n\n\n<p>In questo <a href=\\\"https:\\\/\\\/youtu.be\\\/6_HeLOm5xAg\\\" target=\\\"_blank\\\" rel=\\\"noopener\\\">video puoi vedere una dimostrazione di come funziona una tecnica di ipnosi non verbale<\\\/a>, come pu\\u00f2 essere utilizzata e quali vantaggi porta.<\\\/p>\",\"margin\":\"default\"}},{\"type\":\"video\",\"props\":{\"margin\":\"default\",\"video\":\"https:\\\/\\\/youtu.be\\\/6_HeLOm5xAg\",\"video_controls\":true,\"video_height\":\"900\"}}]}]}],\"name\":\"Linguaggio inconscio\"},{\"type\":\"section\",\"props\":{\"image_position\":\"center-center\",\"style\":\"muted\",\"title_breakpoint\":\"xl\",\"title_position\":\"top-left\",\"title_rotation\":\"left\",\"vertical_align\":\"\",\"width\":\"small\"},\"children\":[{\"type\":\"row\",\"children\":[{\"type\":\"column\",\"props\":{\"image_position\":\"center-center\",\"position_sticky_breakpoint\":\"m\"},\"children\":[{\"type\":\"headline\",\"props\":{\"content\":\"Per te una Playlist video di esercizi e pratica\",\"text_align\":\"center\",\"title_element\":\"h3\"}},{\"type\":\"button\",\"props\":{\"fullwidth\":true,\"grid_column_gap\":\"small\",\"grid_row_gap\":\"small\",\"margin\":\"default\"},\"children\":[{\"type\":\"button_item\",\"props\":{\"button_style\":\"primary\",\"content\":\"Lab & Tutorial\",\"icon\":\"youtube\",\"icon_align\":\"left\",\"link\":\"https:\\\/\\\/youtube.com\\\/playlist?list=PLk_87XB5AfEpqjIfubraJ4MYlBnAxmccz\",\"link_target\":\"blank\"}}]}]}]}],\"name\":\"lab tutorial\"}],\"version\":\"4.4.16\"} --><\/p>\n","protected":false},"excerpt":{"rendered":"<p>Comunicazione non Verbale La comunicazione dell\u2019uomo \u00e9 strutturata in un sistema complesso di linguaggi. E\u2019 la lingua atavica del primate, [&hellip;]<\/p>\n","protected":false},"author":1,"featured_media":0,"parent":17033,"menu_order":0,"comment_status":"closed","ping_status":"closed","template":"","meta":{"_acf_changed":false,"footnotes":""},"class_list":["post-18367","page","type-page","status-publish","hentry"],"acf":[],"_links":{"self":[{"href":"https:\/\/www.esterpatriciaceresa.com\/en\/wp-json\/wp\/v2\/pages\/18367","targetHints":{"allow":["GET"]}}],"collection":[{"href":"https:\/\/www.esterpatriciaceresa.com\/en\/wp-json\/wp\/v2\/pages"}],"about":[{"href":"https:\/\/www.esterpatriciaceresa.com\/en\/wp-json\/wp\/v2\/types\/page"}],"author":[{"embeddable":true,"href":"https:\/\/www.esterpatriciaceresa.com\/en\/wp-json\/wp\/v2\/users\/1"}],"replies":[{"embeddable":true,"href":"https:\/\/www.esterpatriciaceresa.com\/en\/wp-json\/wp\/v2\/comments?post=18367"}],"version-history":[{"count":12,"href":"https:\/\/www.esterpatriciaceresa.com\/en\/wp-json\/wp\/v2\/pages\/18367\/revisions"}],"predecessor-version":[{"id":24733,"href":"https:\/\/www.esterpatriciaceresa.com\/en\/wp-json\/wp\/v2\/pages\/18367\/revisions\/24733"}],"up":[{"embeddable":true,"href":"https:\/\/www.esterpatriciaceresa.com\/en\/wp-json\/wp\/v2\/pages\/17033"}],"wp:attachment":[{"href":"https:\/\/www.esterpatriciaceresa.com\/en\/wp-json\/wp\/v2\/media?parent=18367"}],"curies":[{"name":"wp","href":"https:\/\/api.w.org\/{rel}","templated":true}]}}