{"id":17245,"date":"2022-07-06T14:45:06","date_gmt":"2022-07-06T12:45:06","guid":{"rendered":"https:\/\/www.esterpatriciaceresa.com\/?page_id=17245"},"modified":"2025-08-26T12:15:57","modified_gmt":"2025-08-26T10:15:57","slug":"enneagram","status":"publish","type":"page","link":"https:\/\/www.esterpatriciaceresa.com\/en\/chiavi-del-cambiamento\/enneagramma\/","title":{"rendered":"Enneagram"},"content":{"rendered":"<div>\n<p>    <img decoding=\"async\" src=\"https:\/\/www.esterpatriciaceresa.com\/wp-content\/uploads\/2022\/07\/enneagramma-diagramma-anima.jpg\" alt=\"\"><\/p>\n<h3>Enneagramma<\/h3>\n<p>La via del diagramma dell\u2019anima<\/p>\n<div>\n<p>L\u2019enneagramma \u00e9 uno degli strumenti pi\u00f9 antichi e misteriosi dello studio del comportamento dell\u2019uomo.<\/p>\n<\/div>\n<\/div>\n<div>\n<p>E\u2019 un modello matematico che custodisce la chiave di un enigma che ha appassionato le comunit\u00e0 scientifiche per secoli: quello della possibile esistenza di una legge univoca universale di quella che viene denominata \u201cRealt\u00e0 Soggettiva e Oggettiva\u201d.<\/p>\n<p>Il Enneagramma deriva dalle parole greche Ennea (nove) e Gramma (disegno) e indica un simbolo ermetico, pregno di insegnamenti e significati occulti, che traccia il diagramma di un movimento evolutivo perpetuo.<\/p>\n<p>Sapienza esoterica di matrice persiana e zoroastriana, perpetrata dai maestri Sufi e ancora in parte sconosciuta. Uno degli ultimi detentori di questo arcano sapere \u00e8 stato un Maestro armeno di origini macedoni, uno scrittore mistico e filosofo conosciuto con il nome di Georges Ivanovi\u010d Gurdjieff, \u0533\u0565\u0578\u0580\u0563\u056b \u0533\u0575\u0578\u0582\u0580\u057b\u056b\u0587, personalit\u00e0 criptica ed enigmatica vissuta a cavallo del 1900 fra Russia, Francia e Turchia.<\/p>\n<p>In quanto modello universale l\u2019Enneagramma applicato sull\u2019uomo \u00e8 stato usato soprattutto per l\u2019analisi della personalit\u00e0 e il disegno del profilo psicologico perch\u00e9 individua e distingue nove tipologie di caratteri e personalit\u00e0, detti Enneatipi.<\/p>\n<p>Sono nove varianti dell\u2019essere umano, nove modi di essere, nove modi di pensare, nove modi di agire, nove modi di provare, di sentire, di esprimersi e di comunicare ciascuno contraddistinto da caratteristiche ben precise (vizi e virt\u00f9) anche se trattasi di un modello applicabile al tutto.<\/p>\n<p>L\u2019 Enneagramma rappresenta nove variazioni fisse sul tema \u201cUomo\u201d: Sono nove identit\u00e0, nove definizioni di s\u00e9, nove caratteri, nove personalit\u00e0, nove possibilit\u00e0 di noi, nove maschere (dal latino: persona).<\/p>\n<p>La caratteristica di ciascuna personalit\u00e0 \u00e8 la fissazione dell\u2019attenzione su un elemento considerato essenziale per vivere, una \u201cconditio sine qua non\u201d la vita non ha senso di essere vissuta, radicata in credenze e valori. La fissazione coinvolge l\u2019esigenza di perfezione, di altruismo, di successo, di amore, di conoscenza, di abbondanza, di potere o di armonia.<\/p>\n<p>Il diagramma traccia in modo preciso nove movimenti che esprimono nove modi di essere, nove modi di pensare, nove modi di agire, nove modi di provare ciascuno contraddistinto da caratteristiche ben precise (vizi e virt\u00f9) anche se il modello risulta applicabile a tutto.<\/p>\n<p>L\u2019Enneagramma \u00e8 uno strumento formidabile e allo stesso tempo pericoloso, dalle mille e pi\u00f9 trappole e insidie per chi lo usa con superficialit\u00e0. Pi\u00f9 che uno strumento di profilazione si tratta un percorso evolutivo che richiede studio, applicazione, ordine e disciplina. Infatti \u00e8 una struttura archetipica che offre una ricca mappa per lo sviluppo personale da una prospettiva singolare che offre preziosi spunti di approfondimento a individui, gruppi e collettivi. Il suo scopo, lungi dall\u2019essere quello di etichettare e inscatolare le persone, apre piuttosto un percorso alla scoperta di s\u00e9 e ad una maggiore consapevolezza personale.<\/p>\n<p><strong>L\u2019Enneagramma crea autoconsapevolezza<\/strong> perch\u00e9 scopre gli schemi di comportamento che ci guidano inconsciamente e ci motivano ad agire in determinati modi, quindi ci permette di modificare le attitudini che ci impediscono una piena realizzazione. Una volta diventati consapevoli di questi schemi e motivazioni, siamo in grado di trascenderli e sviluppare nuovi modi di esserei. Lavorare con l\u2019Enneagramma vuol dire crescere, consente alle persone di assumersi la responsabilit\u00e0 dei propri comportamenti e fornisce una maggiore comprensione del comportamento degli altri, sul perch\u00e9 gli altri agiscono e reagiscono nel modo in cui lo fanno.<\/p>\n<p><strong>L\u2019Enneagramma vuol dire integrazione e sviluppo.<\/strong> \u00c8 in grado di scoprire l\u2019unicit\u00e0 di ogni individuo e il suo viaggio entrando in profondit\u00e0. Non solo rivela ci\u00f2 che trattiene un individuo, ma offre anche intuizioni sulla strada verso la liberazione dalle nostre gabbie, collegandoci ai nostri punti di forza e al nostro s\u00e9 superiore.<\/p>\n<p><strong>L\u2019Enneagramma fa fare un salto quantico alla mente<\/strong>, si smette di pensare di essere \u201ccos\u00ec e non c\u2019\u00e8 nulla da fare, le persone non cambiano\u201d e si inizia ad essere \u201ccos\u00ec come si vuole quando si vuole\u201d.<\/p>\n<\/div>\n<h2>Applicazioni pratiche<\/h2>\n<div>\n<p>Usato nel corso dei secoli soprattutto in ambito esoterico, negli ultimi decenni l\u2019Enneagramma ha dimostrato di essere uno degli strumenti pi\u00f9 potenti a disposizione nel settore della crescita personale e del coaching, entrando anche nel settore psicologico.<\/p>\n<p>Il suo utilizzo non solo consente di accelerare la comprensione, la crescita e l\u2019integrazione, ma consente un processo di sviluppo nel tempo e risultati duraturi.<\/p>\n<\/div>\n<p><img decoding=\"async\" src=\"\/wp-content\/uploads\/2022\/07\/Enneagramma-colorato-Vania-Boninsegna.jpg\" alt=\"\"><\/p>\n<h2>Che tipo sono io?<\/h2>\n<h3>Test Enneagramma GRATIS<\/h3>\n<p><p>\n        <a href=\"https:\/\/app.questionnaireweb.com\/f\/325099\/4qEUWHg3a1mhBmBAtxBQ83\">Inizia il Test<\/a>\n    <\/p>\n<\/p>\n<h2>Quindi posso capire chi ho davanti? Si.<\/h2>\n<div>\n<p>In questo<span>\u00a0<\/span><a href=\"https:\/\/youtu.be\/aR-5TJ1nhtQ\" target=\"_blank\" rel=\"noopener\">video<\/a><span>\u00a0<\/span>viene mostrato come in poche battute, qualche semplice domanda e risposta, sia possibile arrivare al cuore della persona ed il suo focus.<\/p>\n<p>Anche all\u2019interno di una normale conversazione, apparentemente banale come come quelle da ascensore, \u00e8 contenuta la chiave della personalit\u00e0 di chi sta parlando.<\/p>\n<p>Nessuno scambio \u00e8 sterile per chi possiede questa antica conoscenza, contiene una incalcolabile ricchezza di informazioni.\u00a0<\/p>\n<\/div>\n<p><iframe src=\"https:\/\/youtu.be\/aR-5TJ1nhtQ?si=3e1E73XmUJvXiyf_\"><\/iframe><\/p>\n<p><!--more--><br \/>\n<!-- {\"name\":\"Layout Chiavi Cambiamento\",\"type\":\"layout\",\"children\":[{\"name\":\"Hero\",\"type\":\"section\",\"props\":{\"animation\":\"fade\",\"header_transparent\":true,\"header_transparent_noplaceholder\":false,\"header_transparent_text_color\":\"dark\",\"image_position\":\"top-center\",\"media_visibility\":\"s\",\"padding\":\"none\",\"padding_remove_bottom\":false,\"style\":\"default\",\"title_breakpoint\":\"xl\",\"title_position\":\"top-left\",\"title_rotation\":\"left\",\"vertical_align\":\"\",\"width\":\"\"},\"children\":[{\"type\":\"row\",\"children\":[{\"type\":\"column\",\"props\":{\"image_position\":\"center-center\",\"position_sticky_breakpoint\":\"m\",\"width_medium\":\"1-1\"},\"children\":[{\"type\":\"slideshow\",\"props\":{\"content_style\":\"text-lead\",\"image_loading\":true,\"link_style\":\"default\",\"link_text\":\"Read more\",\"margin\":\"default\",\"meta_align\":\"below-title\",\"meta_element\":\"div\",\"meta_style\":\"text-meta\",\"nav\":\"\",\"nav_align\":\"center\",\"nav_breakpoint\":\"s\",\"nav_position\":\"bottom-center\",\"nav_position_margin\":\"medium\",\"overlay_animation\":\"parallax\",\"overlay_container\":\"large\",\"overlay_position\":\"center-left\",\"show_content\":true,\"show_link\":false,\"show_meta\":true,\"show_thumbnail\":false,\"show_title\":true,\"slidenav\":\"\",\"slidenav_breakpoint\":\"s\",\"slidenav_margin\":\"medium\",\"slidenav_outside_breakpoint\":\"xl\",\"slideshow_animation\":\"fade\",\"slideshow_autoplay_pause\":true,\"slideshow_height\":\"viewport\",\"slideshow_height_offset_top\":true,\"slideshow_height_viewport\":80,\"slideshow_min_height\":\"\",\"text_color\":\"light\",\"thumbnav_height\":\"75\",\"thumbnav_svg_color\":\"emphasis\",\"thumbnav_width\":\"100\",\"title_element\":\"h3\",\"title_hover_style\":\"reset\",\"title_style\":\"heading-small\"},\"children\":[{\"type\":\"slideshow_item\",\"props\":{\"content\":\"\n\n<p>L\\u2019enneagramma \\u00e9 uno degli strumenti pi\\u00f9 antichi e misteriosi dello studio del comportamento dell\\u2019uomo.<\\\/p>\",\"image\":\"https:\\\/\\\/www.esterpatriciaceresa.com\\\/wp-content\\\/uploads\\\/2022\\\/07\\\/enneagramma-diagramma-anima.jpg\",\"media_overlay\":\"rgba(0, 0, 0, 0.2)\",\"meta\":\"La via del diagramma dell\\u2019anima\",\"title\":\"Enneagramma\"}}]}]}]}]},{\"name\":\"identikit\",\"type\":\"section\",\"props\":{\"animation\":\"fade\",\"animation_delay\":false,\"image_position\":\"bottom-center\",\"padding_remove_top\":false,\"style\":\"default\",\"title_breakpoint\":\"xl\",\"title_position\":\"top-left\",\"title_rotation\":\"left\",\"vertical_align\":\"\",\"width\":\"large\"},\"children\":[{\"type\":\"row\",\"props\":{\"column_gap\":\"large\",\"margin\":\"large\",\"row_gap\":\"large\"},\"children\":[{\"type\":\"column\",\"props\":{\"image_position\":\"center-center\",\"position_sticky_breakpoint\":\"m\",\"vertical_align\":\"middle\"},\"children\":[{\"type\":\"text\",\"props\":{\"column_breakpoint\":\"m\",\"content\":\"\n\n<p>E\\u2019 un modello matematico che custodisce la chiave di un enigma che ha appassionato le comunit\\u00e0 scientifiche per secoli: quello della possibile esistenza di una legge univoca universale di quella che viene denominata \\u201cRealt\\u00e0 Soggettiva e Oggettiva\\u201d.<\\\/p>\\n\n\n<p>Il Enneagramma deriva dalle parole greche Ennea (nove) e Gramma (disegno) e indica un simbolo ermetico, pregno di insegnamenti e significati occulti, che traccia il diagramma di un movimento evolutivo perpetuo.<\\\/p>\\n\n\n<p>Sapienza esoterica di matrice persiana e zoroastriana, perpetrata dai maestri Sufi e ancora in parte sconosciuta. Uno degli ultimi detentori di questo arcano sapere \\u00e8 stato un Maestro armeno di origini macedoni, uno scrittore mistico e filosofo conosciuto con il nome di Georges Ivanovi\\u010d Gurdjieff, \\u0533\\u0565\\u0578\\u0580\\u0563\\u056b \\u0533\\u0575\\u0578\\u0582\\u0580\\u057b\\u056b\\u0587, personalit\\u00e0 criptica ed enigmatica vissuta a cavallo del 1900 fra Russia, Francia e Turchia.<\\\/p>\\n\n\n<p>In quanto modello universale l\\u2019Enneagramma applicato sull\\u2019uomo \\u00e8 stato usato soprattutto per l\\u2019analisi della personalit\\u00e0 e il disegno del profilo psicologico perch\\u00e9 individua e distingue nove tipologie di caratteri e personalit\\u00e0, detti Enneatipi.<\\\/p>\\n\n\n<p>Sono nove varianti dell\\u2019essere umano, nove modi di essere, nove modi di pensare, nove modi di agire, nove modi di provare, di sentire, di esprimersi e di comunicare ciascuno contraddistinto da caratteristiche ben precise (vizi e virt\\u00f9) anche se trattasi di un modello applicabile al tutto.<\\\/p>\\n\n\n<p>L\\u2019 Enneagramma rappresenta nove variazioni fisse sul tema \\u201cUomo\\u201d: Sono nove identit\\u00e0, nove definizioni di s\\u00e9, nove caratteri, nove personalit\\u00e0, nove possibilit\\u00e0 di noi, nove maschere (dal latino: persona).<\\\/p>\\n\n\n<p>La caratteristica di ciascuna personalit\\u00e0 \\u00e8 la fissazione dell\\u2019attenzione su un elemento considerato essenziale per vivere, una \\u201cconditio sine qua non\\u201d la vita non ha senso di essere vissuta, radicata in credenze e valori. La fissazione coinvolge l\\u2019esigenza di perfezione, di altruismo, di successo, di amore, di conoscenza, di abbondanza, di potere o di armonia.<\\\/p>\\n\n\n<p>Il diagramma traccia in modo preciso nove movimenti che esprimono nove modi di essere, nove modi di pensare, nove modi di agire, nove modi di provare ciascuno contraddistinto da caratteristiche ben precise (vizi e virt\\u00f9) anche se il modello risulta applicabile a tutto.<\\\/p>\\n\n\n<p>L\\u2019Enneagramma \\u00e8 uno strumento formidabile e allo stesso tempo pericoloso, dalle mille e pi\\u00f9 trappole e insidie per chi lo usa con superficialit\\u00e0. Pi\\u00f9 che uno strumento di profilazione si tratta un percorso evolutivo che richiede studio, applicazione, ordine e disciplina. Infatti \\u00e8 una struttura archetipica che offre una ricca mappa per lo sviluppo personale da una prospettiva singolare che offre preziosi spunti di approfondimento a individui, gruppi e collettivi. Il suo scopo, lungi dall\\u2019essere quello di etichettare e inscatolare le persone, apre piuttosto un percorso alla scoperta di s\\u00e9 e ad una maggiore consapevolezza personale.<\\\/p>\\n\n\n<p><strong>L\\u2019Enneagramma crea autoconsapevolezza<\\\/strong> perch\\u00e9 scopre gli schemi di comportamento che ci guidano inconsciamente e ci motivano ad agire in determinati modi, quindi ci permette di modificare le attitudini che ci impediscono una piena realizzazione. Una volta diventati consapevoli di questi schemi e motivazioni, siamo in grado di trascenderli e sviluppare nuovi modi di esserei. Lavorare con l\\u2019Enneagramma vuol dire crescere, consente alle persone di assumersi la responsabilit\\u00e0 dei propri comportamenti e fornisce una maggiore comprensione del comportamento degli altri, sul perch\\u00e9 gli altri agiscono e reagiscono nel modo in cui lo fanno.<\\\/p>\\n\n\n<p><strong>L\\u2019Enneagramma vuol dire integrazione e sviluppo.<\\\/strong> \\u00c8 in grado di scoprire l\\u2019unicit\\u00e0 di ogni individuo e il suo viaggio entrando in profondit\\u00e0. Non solo rivela ci\\u00f2 che trattiene un individuo, ma offre anche intuizioni sulla strada verso la liberazione dalle nostre gabbie, collegandoci ai nostri punti di forza e al nostro s\\u00e9 superiore.<\\\/p>\\n\n\n<p><strong>L\\u2019Enneagramma fa fare un salto quantico alla mente<\\\/strong>, si smette di pensare di essere \\u201ccos\\u00ec e non c\\u2019\\u00e8 nulla da fare, le persone non cambiano\\u201d e si inizia ad essere \\u201ccos\\u00ec come si vuole quando si vuole\\u201d.<\\\/p>\",\"margin\":\"default\"}}]}]}]},{\"name\":\"Applicazioni pratiche\",\"type\":\"section\",\"props\":{\"animation\":\"fade\",\"animation_delay\":false,\"image_position\":\"bottom-center\",\"image_size\":\"cover\",\"padding\":\"small\",\"padding_remove_top\":false,\"style\":\"default\",\"title_breakpoint\":\"xl\",\"title_position\":\"top-left\",\"title_rotation\":\"left\",\"vertical_align\":\"\",\"width\":\"large\"},\"children\":[{\"type\":\"row\",\"children\":[{\"type\":\"column\",\"props\":{\"image_position\":\"center-center\",\"position_sticky_breakpoint\":\"m\",\"width_medium\":\"1-1\"},\"children\":[{\"type\":\"headline\",\"props\":{\"block_align\":\"center\",\"content\":\"Applicazioni pratiche\",\"maxwidth\":\"xlarge\",\"text_align\":\"center\",\"title_element\":\"h2\",\"title_style\":\"h1\"}}]}]},{\"type\":\"row\",\"props\":{\"column_gap\":\"large\",\"layout\":\"1-2,1-2\",\"margin\":\"large\",\"row_gap\":\"large\"},\"children\":[{\"type\":\"column\",\"props\":{\"image_position\":\"center-center\",\"position_sticky_breakpoint\":\"m\",\"vertical_align\":\"middle\",\"width_medium\":\"1-2\"},\"children\":[{\"type\":\"text\",\"props\":{\"column_breakpoint\":\"m\",\"content\":\"\n\n<p>Usato nel corso dei secoli soprattutto in ambito esoterico, negli ultimi decenni l\\u2019Enneagramma ha dimostrato di essere uno degli strumenti pi\\u00f9 potenti a disposizione nel settore della crescita personale e del coaching, entrando anche nel settore psicologico.<\\\/p>\\n\n\n<p>Il suo utilizzo non solo consente di accelerare la comprensione, la crescita e l\\u2019integrazione, ma consente un processo di sviluppo nel tempo e risultati duraturi.<\\\/p>\",\"margin\":\"default\",\"maxwidth\":\"xlarge\",\"maxwidth_breakpoint\":\"m\"}}]},{\"type\":\"column\",\"props\":{\"image_position\":\"center-center\",\"position_sticky_breakpoint\":\"m\",\"vertical_align\":\"middle\",\"width_medium\":\"1-2\"},\"children\":[{\"type\":\"image\",\"props\":{\"image\":\"wp-content\\\/uploads\\\/2022\\\/07\\\/Enneagramma-colorato-Vania-Boninsegna.jpg\",\"image_border\":\"rounded\",\"image_svg_color\":\"emphasis\",\"margin\":\"default\"}}]}]}]},{\"name\":\"Test enneagramma\",\"type\":\"section\",\"props\":{\"animation\":\"fade\",\"animation_delay\":false,\"image_position\":\"bottom-center\",\"image_size\":\"cover\",\"padding_remove_top\":false,\"style\":\"secondary\",\"title_breakpoint\":\"xl\",\"title_position\":\"top-left\",\"title_rotation\":\"left\",\"vertical_align\":\"\",\"width\":\"large\"},\"children\":[{\"type\":\"row\",\"children\":[{\"type\":\"column\",\"props\":{\"image_position\":\"center-center\",\"position_sticky_breakpoint\":\"m\",\"width_medium\":\"3-5\"},\"children\":[{\"type\":\"headline\",\"props\":{\"block_align\":\"center\",\"content\":\"Che tipo sono io?\",\"title_color\":\"secondary\",\"title_element\":\"h2\",\"title_style\":\"h1\"}},{\"type\":\"headline\",\"props\":{\"content\":\"Test Enneagramma GRATIS\",\"margin\":\"small\",\"title_color\":\"secondary\",\"title_element\":\"h3\",\"title_style\":\"h5\"}}]},{\"type\":\"column\",\"props\":{\"image_position\":\"center-center\",\"position_sticky_breakpoint\":\"m\",\"vertical_align\":\"middle\",\"width_medium\":\"2-5\"},\"children\":[{\"type\":\"button\",\"props\":{\"animation\":\"parallax\",\"button_size\":\"large\",\"grid_column_gap\":\"small\",\"grid_row_gap\":\"small\",\"margin\":\"default\",\"parallax_easing\":\"1\",\"parallax_y\":\"10,-90\",\"text_align\":\"center\"},\"children\":[{\"type\":\"button_item\",\"props\":{\"button_style\":\"primary\",\"content\":\"Inizia il Test\",\"dialog_layout\":\"modal\",\"dialog_offcanvas_flip\":true,\"icon\":\"link\",\"icon_align\":\"left\",\"link\":\"https:\\\/\\\/app.questionnaireweb.com\\\/f\\\/325099\\\/4qEUWHg3a1mhBmBAtxBQ83\"}}]}]}],\"props\":{\"layout\":\"3-5,2-5\"}}]},{\"name\":\"video\",\"type\":\"section\",\"props\":{\"animation\":\"fade\",\"animation_delay\":false,\"image_position\":\"bottom-center\",\"image_size\":\"cover\",\"padding_remove_bottom\":false,\"padding_remove_top\":false,\"style\":\"default\",\"title_breakpoint\":\"xl\",\"title_position\":\"top-left\",\"title_rotation\":\"left\",\"vertical_align\":\"\",\"width\":\"large\"},\"children\":[{\"type\":\"row\",\"children\":[{\"type\":\"column\",\"props\":{\"image_position\":\"center-center\",\"position_sticky_breakpoint\":\"m\",\"width_medium\":\"1-1\"},\"children\":[{\"type\":\"headline\",\"props\":{\"block_align\":\"center\",\"content\":\"Quindi posso capire chi ho davanti? Si.\",\"maxwidth\":\"2xlarge\",\"text_align\":\"center\",\"title_element\":\"h2\",\"title_style\":\"h1\"}}]}]},{\"type\":\"row\",\"props\":{\"column_gap\":\"large\",\"layout\":\"1-2,1-2\",\"margin\":\"large\",\"row_gap\":\"large\"},\"children\":[{\"type\":\"column\",\"props\":{\"image_position\":\"center-center\",\"position_sticky_breakpoint\":\"m\",\"vertical_align\":\"middle\",\"width_medium\":\"1-2\"},\"children\":[{\"type\":\"text\",\"props\":{\"column_breakpoint\":\"m\",\"content\":\"\n\n<p>In questo<span>\\u00a0<\\\/span><a href=\\\"https:\\\/\\\/youtu.be\\\/aR-5TJ1nhtQ\\\" target=\\\"_blank\\\" rel=\\\"noopener\\\">video<\\\/a><span>\\u00a0<\\\/span>viene mostrato come in poche battute, qualche semplice domanda e risposta, sia possibile arrivare al cuore della persona ed il suo focus.<\\\/p>\\n\n\n<p>Anche all\\u2019interno di una normale conversazione, apparentemente banale come come quelle da ascensore, \\u00e8 contenuta la chiave della personalit\\u00e0 di chi sta parlando.<\\\/p>\\n\n\n<p>Nessuno scambio \\u00e8 sterile per chi possiede questa antica conoscenza, contiene una incalcolabile ricchezza di informazioni.\\u00a0<\\\/p>\",\"margin\":\"default\",\"maxwidth\":\"xlarge\",\"maxwidth_breakpoint\":\"m\"}}]},{\"type\":\"column\",\"props\":{\"image_position\":\"center-center\",\"position_sticky_breakpoint\":\"m\",\"vertical_align\":\"middle\",\"width_medium\":\"1-2\"},\"children\":[{\"type\":\"video\",\"props\":{\"margin\":\"default\",\"video\":\"https:\\\/\\\/youtu.be\\\/aR-5TJ1nhtQ?si=3e1E73XmUJvXiyf_\",\"video_controls\":true}}]}]}]}],\"version\":\"4.5.24\"} --><\/p>\n","protected":false},"excerpt":{"rendered":"<p>Enneagramma La via del diagramma dell\u2019anima L\u2019enneagramma \u00e9 uno degli strumenti pi\u00f9 antichi e misteriosi dello studio del comportamento dell\u2019uomo. [&hellip;]<\/p>\n","protected":false},"author":1,"featured_media":0,"parent":17033,"menu_order":0,"comment_status":"closed","ping_status":"closed","template":"","meta":{"_acf_changed":false,"footnotes":""},"class_list":["post-17245","page","type-page","status-publish","hentry"],"acf":[],"_links":{"self":[{"href":"https:\/\/www.esterpatriciaceresa.com\/en\/wp-json\/wp\/v2\/pages\/17245","targetHints":{"allow":["GET"]}}],"collection":[{"href":"https:\/\/www.esterpatriciaceresa.com\/en\/wp-json\/wp\/v2\/pages"}],"about":[{"href":"https:\/\/www.esterpatriciaceresa.com\/en\/wp-json\/wp\/v2\/types\/page"}],"author":[{"embeddable":true,"href":"https:\/\/www.esterpatriciaceresa.com\/en\/wp-json\/wp\/v2\/users\/1"}],"replies":[{"embeddable":true,"href":"https:\/\/www.esterpatriciaceresa.com\/en\/wp-json\/wp\/v2\/comments?post=17245"}],"version-history":[{"count":68,"href":"https:\/\/www.esterpatriciaceresa.com\/en\/wp-json\/wp\/v2\/pages\/17245\/revisions"}],"predecessor-version":[{"id":25911,"href":"https:\/\/www.esterpatriciaceresa.com\/en\/wp-json\/wp\/v2\/pages\/17245\/revisions\/25911"}],"up":[{"embeddable":true,"href":"https:\/\/www.esterpatriciaceresa.com\/en\/wp-json\/wp\/v2\/pages\/17033"}],"wp:attachment":[{"href":"https:\/\/www.esterpatriciaceresa.com\/en\/wp-json\/wp\/v2\/media?parent=17245"}],"curies":[{"name":"wp","href":"https:\/\/api.w.org\/{rel}","templated":true}]}}