{"id":15258,"date":"2022-06-09T16:53:57","date_gmt":"2022-06-09T14:53:57","guid":{"rendered":"https:\/\/www.esterpatriciaceresa.com\/?page_id=15258"},"modified":"2024-01-31T14:00:24","modified_gmt":"2024-01-31T13:00:24","slug":"consultations","status":"publish","type":"page","link":"https:\/\/www.esterpatriciaceresa.com\/en\/consultazioni\/","title":{"rendered":"Consultations"},"content":{"rendered":"<div>Consulenze in <br class=\"uk-visible-@m\" \/><span class=\"uk-text-primary\">Studio e Online<\/span><\/div>\n<div>\n<h2 style=\"text-align: center;\">Mi occupo di sviluppo del potenziale umano.<\/h2>\n<p style=\"text-align: center;\">Il mio lavoro consiste nel guidare la persona verso una crescita personale completa rendendola consapevole di tutte le risorse a sua disposizione e capace di usarle per la sua completa realizzazione, superando gli eventuali stati problematici che a volte si possono incontrare nel corso di una vita.<\/p>\n<h3 style=\"text-align: center;\">Uso diversi strumenti e tecnologie del cambiamento<\/h3>\n<div class=\"el-content uk-panel\">\n<p><a href=\"https:\/\/www.esterpatriciaceresa.com\/chiavi-del-cambiamento\/ipnosi-la-via-della-mente-inconscia\/\" target=\"_blank\" rel=\"noopener\">Ipnosi<\/a>, <a href=\"https:\/\/www.esterpatriciaceresa.com\/chiavi-del-cambiamento\/morfofisiognomica-studio-della-forma-umana\/\" target=\"_blank\" rel=\"noopener\">Morfofisiognomica<\/a>, <a href=\"https:\/\/www.esterpatriciaceresa.com\/chiavi-del-cambiamento\/psicologia-quantistica\/\" target=\"_blank\" rel=\"noopener\">Psicologia Quantistica<\/a>, <a href=\"https:\/\/www.esterpatriciaceresa.com\/chiavi-del-cambiamento\/lux-mind\/\" target=\"_blank\" rel=\"noopener\">Lux Mind<\/a>, <a href=\"https:\/\/www.esterpatriciaceresa.com\/chiavi-del-cambiamento\/coaching\/\" target=\"_blank\" rel=\"noopener\">Coaching<\/a>, <a href=\"https:\/\/www.esterpatriciaceresa.com\/chiavi-del-cambiamento\/mesmerismo-magnetismo-animale\/\" target=\"_blank\" rel=\"noopener\">Mesmerismo<\/a>, <a href=\"https:\/\/www.esterpatriciaceresa.com\/chiavi-del-cambiamento\/respirazione-consapevole-mazdaznan\/\" target=\"_blank\" rel=\"noopener\">Respirazione Cosciente<\/a>, <a href=\"https:\/\/www.esterpatriciaceresa.com\/chiavi-del-cambiamento\/pnl-3\/\" target=\"_blank\" rel=\"noopener\">Programmazione Neuro Linguistica PNL3,<\/a> <a href=\"https:\/\/www.esterpatriciaceresa.com\/chiavi-del-cambiamento\/enneagramma\/\" target=\"_blank\" rel=\"noopener\">Enneagramma<\/a>, <a href=\"https:\/\/www.esterpatriciaceresa.com\/chiavi-del-cambiamento\/fascinazione-ipnosi-fascinativa\/\" target=\"_blank\" rel=\"noopener\">Fascinazione<\/a>, <a href=\"https:\/\/www.esterpatriciaceresa.com\/chiavi-del-cambiamento\/la-quarta-via\/\" target=\"_blank\" rel=\"noopener\">Quarta Via<\/a>, <a href=\"https:\/\/www.esterpatriciaceresa.com\/chiavi-del-cambiamento\/ermetismo-e-alchimia\/\" target=\"_blank\" rel=\"noopener\">Ermetismo<\/a>, <a href=\"https:\/\/www.esterpatriciaceresa.com\/chiavi-del-cambiamento\/alchimia-umana\/\" target=\"_blank\" rel=\"noopener\">Alchimia Umana<\/a>, <a href=\"https:\/\/www.esterpatriciaceresa.com\/chiavi-del-cambiamento\/comunicazione-non-verbale\/\" target=\"_blank\" rel=\"noopener\">Comunicazione non Verbale e Linguaggio del Corpo<\/a>.<\/p>\n<\/div>\n<p style=\"text-align: center;\"><strong>Opero come professionista regolamentato ex L 4\/2013.<\/strong><\/p>\n<\/div>\n<p><img decoding=\"async\" src=\"\/wp-content\/uploads\/2022\/06\/leonardo-da-vinci.jpg\" alt=\"\"><\/p>\n<h2>Analisi morfofisiognomica in Studio o online<\/h2>\n<div>\n<p><em>Appuntamento dal vivo o online. <\/em>La Morfofisiognomica \u00e8 un sistema che ho elaborato mirato a riconoscere l&#8217;unicit\u00e0 nella diversit\u00e0, al riconoscimento di s\u00e9 stessi e degli altri per migliorare le relazioni con noi stessi e le persone. Viso e Corpo rivelano. Temperamento, carattere, personalit\u00e0, punti forti, punti deboli, talenti innati, talenti da sviluppare, orientamento professionale, orientamento di studi, relazioni e sentimenti, storia personale, attitudini fisiche e morali, stato di salute, sessualit\u00e0.<\/p>\n<\/div>\n<div>70 \u20ac<\/div>\n<p>\n    <a href=\"\/analisi-morfofisiognomica-in-studio-e-online\/#formConsulenza\">Richiedi una Consulenza<\/a>\n<\/p>\n<p><img decoding=\"async\" src=\"\/wp-content\/uploads\/2022\/06\/analisi-morfosiognomica-audio.jpg\" alt=\"\"><\/p>\n<h2>Analisi morfofisiognomica Audio<\/h2>\n<div>\n<p>Invia una tua foto o del profilo pubblico di chi vuoi conoscere la personalit\u00e0.<\/p>\n<\/div>\n<div>50 \u20ac<\/div>\n<p>\n    <a href=\"\/analisi-morfofisiognomica-audio\/#formConsulenza\">Richiedi una Consulenza<\/a>\n<\/p>\n<p><img decoding=\"async\" src=\"\/wp-content\/uploads\/2022\/06\/incontri-individuali-studio-e1655218649293.jpg\" alt=\"\"><\/p>\n<h2>Incontri individuali in Studio e Online di Ipnosi e Coaching<\/h2>\n<div>\n<p>Sviluppa il tuo potenziale. Ti guider\u00f2 verso la tua crescita personale, per essere consapevole di tutte le risorse a tua disposizione e capace di usarle per la tua completa realizzazione. Ti accompagno a centrare i tuoi obiettivi, superando le eventuali difficolt\u00e0 che si possono incontrare nel corso di una vita. In caso di malattia, opero in accompagnamento e sinergia a terapie mediche specialistiche con notevoli riscontri positivi.<\/p>\n<\/div>\n<div><span class=\"uk-text-large\">In Studio:<\/span> 150 \u20ac<\/div>\n<div><span class=\"uk-text-large\">Online:<\/span> 90 \u20ac<\/div>\n<p>\n    <a href=\"\/incontri-individuali-in-studio-e-online\/#formConsulenza\">Richiedi una Consulenza<\/a>\n<\/p>\n<h2>Sei un dipendente pubblico?<\/h2>\n<hr>\n<div>\n<p>Per te uno<strong> sconto speciale del 30%<\/strong> sui servizi di consulenza e formazione.<\/p>\n<\/div>\n<p>\n    <a href=\"\/contatti\/\">Contattami<\/a>\n<\/p>\n<p><img decoding=\"async\" src=\"\/wp-content\/uploads\/2022\/06\/logo-convenzioni-Istituzioni.png\" alt=\"\"><\/p>\n<p><!--more--><br \/>\n<!-- {\"name\":\"Design Sprints\",\"type\":\"layout\",\"children\":[{\"name\":\"Hero\",\"type\":\"section\",\"props\":{\"animation\":\"fade\",\"header_transparent\":\"dark\",\"header_transparent_noplaceholder\":false,\"image_position\":\"top-center\",\"media_visibility\":\"s\",\"style\":\"default\",\"title_breakpoint\":\"xl\",\"title_position\":\"top-left\",\"title_rotation\":\"left\",\"vertical_align\":\"middle\",\"width\":\"large\"},\"children\":[{\"type\":\"row\",\"children\":[{\"type\":\"column\",\"props\":{\"image_position\":\"center-center\",\"position_sticky_breakpoint\":\"m\",\"width_medium\":\"1-1\"},\"children\":[{\"type\":\"headline\",\"props\":{\"block_align\":\"center\",\"content\":\"Consulenze in <br class=\\\"uk-visible-@m\\\" \\\/><span class=\\\"uk-text-primary\\\">Studio e Online<\\\/span>\",\"margin_remove_top\":true,\"maxwidth\":\"2xlarge\",\"text_align\":\"center\",\"title_element\":\"div\",\"title_style\":\"heading-medium\"}}]}]},{\"type\":\"row\",\"children\":[{\"type\":\"column\",\"props\":{\"image_position\":\"center-center\",\"position_sticky_breakpoint\":\"m\",\"style\":\"tile-muted\"},\"children\":[{\"type\":\"text\",\"props\":{\"column_breakpoint\":\"m\",\"content\":\"\n\n<h2 style=\\\"text-align: center;\\\">Mi occupo di sviluppo del potenziale umano.<\\\/h2>\\n\n\n<p style=\\\"text-align: center;\\\">Il mio lavoro consiste nel guidare la persona verso una crescita personale completa rendendola consapevole di tutte le risorse a sua disposizione e capace di usarle per la sua completa realizzazione, superando gli eventuali stati problematici che a volte si possono incontrare nel corso di una vita.<\\\/p>\\n\n\n<h3 style=\\\"text-align: center;\\\">Uso diversi strumenti e tecnologie del cambiamento<\\\/h3>\\n\n\n<div class=\\\"el-content uk-panel\\\">\\n\n\n<p><a href=\\\"https:\\\/\\\/www.esterpatriciaceresa.com\\\/chiavi-del-cambiamento\\\/ipnosi-la-via-della-mente-inconscia\\\/\\\" target=\\\"_blank\\\" rel=\\\"noopener\\\">Ipnosi<\\\/a>, <a href=\\\"https:\\\/\\\/www.esterpatriciaceresa.com\\\/chiavi-del-cambiamento\\\/morfofisiognomica-studio-della-forma-umana\\\/\\\" target=\\\"_blank\\\" rel=\\\"noopener\\\">Morfofisiognomica<\\\/a>, <a href=\\\"https:\\\/\\\/www.esterpatriciaceresa.com\\\/chiavi-del-cambiamento\\\/psicologia-quantistica\\\/\\\" target=\\\"_blank\\\" rel=\\\"noopener\\\">Psicologia Quantistica<\\\/a>, <a href=\\\"https:\\\/\\\/www.esterpatriciaceresa.com\\\/chiavi-del-cambiamento\\\/lux-mind\\\/\\\" target=\\\"_blank\\\" rel=\\\"noopener\\\">Lux Mind<\\\/a>, <a href=\\\"https:\\\/\\\/www.esterpatriciaceresa.com\\\/chiavi-del-cambiamento\\\/coaching\\\/\\\" target=\\\"_blank\\\" rel=\\\"noopener\\\">Coaching<\\\/a>, <a href=\\\"https:\\\/\\\/www.esterpatriciaceresa.com\\\/chiavi-del-cambiamento\\\/mesmerismo-magnetismo-animale\\\/\\\" target=\\\"_blank\\\" rel=\\\"noopener\\\">Mesmerismo<\\\/a>, <a href=\\\"https:\\\/\\\/www.esterpatriciaceresa.com\\\/chiavi-del-cambiamento\\\/respirazione-consapevole-mazdaznan\\\/\\\" target=\\\"_blank\\\" rel=\\\"noopener\\\">Respirazione Cosciente<\\\/a>, <a href=\\\"https:\\\/\\\/www.esterpatriciaceresa.com\\\/chiavi-del-cambiamento\\\/pnl-3\\\/\\\" target=\\\"_blank\\\" rel=\\\"noopener\\\">Programmazione Neuro Linguistica PNL3,<\\\/a> <a href=\\\"https:\\\/\\\/www.esterpatriciaceresa.com\\\/chiavi-del-cambiamento\\\/enneagramma\\\/\\\" target=\\\"_blank\\\" rel=\\\"noopener\\\">Enneagramma<\\\/a>, <a href=\\\"https:\\\/\\\/www.esterpatriciaceresa.com\\\/chiavi-del-cambiamento\\\/fascinazione-ipnosi-fascinativa\\\/\\\" target=\\\"_blank\\\" rel=\\\"noopener\\\">Fascinazione<\\\/a>, <a href=\\\"https:\\\/\\\/www.esterpatriciaceresa.com\\\/chiavi-del-cambiamento\\\/la-quarta-via\\\/\\\" target=\\\"_blank\\\" rel=\\\"noopener\\\">Quarta Via<\\\/a>, <a href=\\\"https:\\\/\\\/www.esterpatriciaceresa.com\\\/chiavi-del-cambiamento\\\/ermetismo-e-alchimia\\\/\\\" target=\\\"_blank\\\" rel=\\\"noopener\\\">Ermetismo<\\\/a>, <a href=\\\"https:\\\/\\\/www.esterpatriciaceresa.com\\\/chiavi-del-cambiamento\\\/alchimia-umana\\\/\\\" target=\\\"_blank\\\" rel=\\\"noopener\\\">Alchimia Umana<\\\/a>, <a href=\\\"https:\\\/\\\/www.esterpatriciaceresa.com\\\/chiavi-del-cambiamento\\\/comunicazione-non-verbale\\\/\\\" target=\\\"_blank\\\" rel=\\\"noopener\\\">Comunicazione non Verbale e Linguaggio del Corpo<\\\/a>.<\\\/p>\\n<\\\/div>\\n\n\n<p style=\\\"text-align: center;\\\"><strong>Opero come professionista regolamentato ex L 4\\\/2013.<\\\/strong><\\\/p>\",\"margin\":\"default\"}}]}]},{\"type\":\"row\",\"props\":{\"layout\":\"1-2,1-2\",\"margin\":\"xlarge\",\"vertical_align\":true},\"children\":[{\"type\":\"column\",\"props\":{\"image_position\":\"center-center\",\"position_sticky_breakpoint\":\"m\",\"width_medium\":\"1-2\"},\"children\":[{\"type\":\"image\",\"props\":{\"image\":\"wp-content\\\/uploads\\\/2022\\\/06\\\/leonardo-da-vinci.jpg\",\"image_border\":\"rounded\",\"image_svg_color\":\"emphasis\",\"image_svg_inline\":true,\"margin\":\"default\",\"text_align\":\"center\"}}]},{\"type\":\"column\",\"props\":{\"image_position\":\"center-center\",\"order_first\":\"m\",\"position_sticky_breakpoint\":\"m\",\"vertical_align\":\"middle\",\"width_medium\":\"1-2\"},\"children\":[{\"type\":\"headline\",\"props\":{\"content\":\"Analisi morfofisiognomica in Studio o online\",\"title_color\":\"primary\",\"title_element\":\"h2\",\"title_style\":\"h4\"}},{\"type\":\"text\",\"props\":{\"block_align\":\"center\",\"column_breakpoint\":\"m\",\"content\":\"\n\n<p><em>Appuntamento dal vivo o online. <\\\/em>La Morfofisiognomica \\u00e8 un sistema che ho elaborato mirato a riconoscere l'unicit\\u00e0 nella diversit\\u00e0, al riconoscimento di s\\u00e9 stessi e degli altri per migliorare le relazioni con noi stessi e le persone. Viso e Corpo rivelano. Temperamento, carattere, personalit\\u00e0, punti forti, punti deboli, talenti innati, talenti da sviluppare, orientamento professionale, orientamento di studi, relazioni e sentimenti, storia personale, attitudini fisiche e morali, stato di salute, sessualit\\u00e0.<\\\/p>\",\"margin\":\"default\"}},{\"type\":\"headline\",\"props\":{\"class\":\"uk-text-bold\",\"content\":\"70 \\u20ac\",\"title_element\":\"div\",\"title_style\":\"h1\"},\"name\":\"prezzo\"},{\"type\":\"button\",\"props\":{\"grid_column_gap\":\"small\",\"grid_row_gap\":\"small\",\"margin\":\"medium\",\"maxwidth\":\"xlarge\"},\"children\":[{\"type\":\"button_item\",\"props\":{\"button_style\":\"default\",\"content\":\"Richiedi una Consulenza\",\"icon\":\"mail\",\"icon_align\":\"left\",\"link\":\"analisi-morfofisiognomica-in-studio-e-online\\\/#formConsulenza\"}}]}]}]},{\"type\":\"row\",\"props\":{\"layout\":\"1-2,1-2\",\"margin\":\"xlarge\",\"vertical_align\":true},\"children\":[{\"type\":\"column\",\"props\":{\"image_position\":\"center-center\",\"order_first\":\"m\",\"position_sticky_breakpoint\":\"m\",\"width_medium\":\"1-2\"},\"children\":[{\"type\":\"image\",\"props\":{\"image\":\"wp-content\\\/uploads\\\/2022\\\/06\\\/analisi-morfosiognomica-audio.jpg\",\"image_border\":\"rounded\",\"image_svg_color\":\"emphasis\",\"image_svg_inline\":true,\"margin\":\"default\",\"text_align\":\"center\"}}]},{\"type\":\"column\",\"props\":{\"image_position\":\"center-center\",\"order_first\":\"m\",\"position_sticky_breakpoint\":\"m\",\"vertical_align\":\"middle\",\"width_medium\":\"1-2\"},\"children\":[{\"type\":\"headline\",\"props\":{\"content\":\"Analisi morfofisiognomica Audio\",\"title_color\":\"primary\",\"title_element\":\"h2\",\"title_style\":\"h4\"}},{\"type\":\"text\",\"props\":{\"block_align\":\"center\",\"column_breakpoint\":\"m\",\"content\":\"\n\n<p>Invia una tua foto o del profilo pubblico di chi vuoi conoscere la personalit\\u00e0.<\\\/p>\",\"margin\":\"default\"}},{\"type\":\"headline\",\"props\":{\"class\":\"uk-text-bold\",\"content\":\"50 \\u20ac\",\"title_element\":\"div\",\"title_style\":\"h1\"},\"name\":\"prezzo\"},{\"type\":\"button\",\"props\":{\"grid_column_gap\":\"small\",\"grid_row_gap\":\"small\",\"margin\":\"medium\",\"maxwidth\":\"xlarge\"},\"children\":[{\"type\":\"button_item\",\"props\":{\"button_style\":\"default\",\"content\":\"Richiedi una Consulenza\",\"icon\":\"mail\",\"icon_align\":\"left\",\"link\":\"analisi-morfofisiognomica-audio\\\/#formConsulenza\"}}]}]}]},{\"type\":\"row\",\"props\":{\"layout\":\"1-2,1-2\",\"margin\":\"xlarge\",\"vertical_align\":true},\"children\":[{\"type\":\"column\",\"props\":{\"image_position\":\"center-center\",\"position_sticky_breakpoint\":\"m\",\"width_medium\":\"1-2\"},\"children\":[{\"type\":\"image\",\"props\":{\"image\":\"wp-content\\\/uploads\\\/2022\\\/06\\\/incontri-individuali-studio-e1655218649293.jpg\",\"image_border\":\"rounded\",\"image_svg_color\":\"emphasis\",\"image_svg_inline\":true,\"margin\":\"default\",\"text_align\":\"center\"}}]},{\"type\":\"column\",\"props\":{\"image_position\":\"center-center\",\"order_first\":\"m\",\"position_sticky_breakpoint\":\"m\",\"vertical_align\":\"middle\",\"width_medium\":\"1-2\"},\"children\":[{\"type\":\"headline\",\"props\":{\"content\":\"Incontri individuali in Studio e Online di Ipnosi e Coaching\",\"title_color\":\"primary\",\"title_element\":\"h2\",\"title_style\":\"h4\"}},{\"type\":\"text\",\"props\":{\"block_align\":\"center\",\"column_breakpoint\":\"m\",\"content\":\"\n\n<p>Sviluppa il tuo potenziale. Ti guider\\u00f2 verso la tua crescita personale, per essere consapevole di tutte le risorse a tua disposizione e capace di usarle per la tua completa realizzazione. Ti accompagno a centrare i tuoi obiettivi, superando le eventuali difficolt\\u00e0 che si possono incontrare nel corso di una vita. In caso di malattia, opero in accompagnamento e sinergia a terapie mediche specialistiche con notevoli riscontri positivi.<\\\/p>\",\"margin\":\"default\"}},{\"type\":\"headline\",\"props\":{\"class\":\"uk-text-bold\",\"content\":\"<span class=\\\"uk-text-large\\\">In Studio:<\\\/span> 150 \\u20ac\",\"title_element\":\"div\",\"title_style\":\"h1\"},\"name\":\"prezzo studio\"},{\"type\":\"headline\",\"props\":{\"class\":\"uk-text-bold\",\"content\":\"<span class=\\\"uk-text-large\\\">Online:<\\\/span> 90 \\u20ac\",\"title_element\":\"div\",\"title_style\":\"h1\"},\"name\":\"prezzo online\"},{\"type\":\"button\",\"props\":{\"grid_column_gap\":\"small\",\"grid_row_gap\":\"small\",\"margin\":\"medium\",\"maxwidth\":\"xlarge\"},\"children\":[{\"type\":\"button_item\",\"props\":{\"button_style\":\"default\",\"content\":\"Richiedi una Consulenza\",\"icon\":\"mail\",\"icon_align\":\"left\",\"link\":\"incontri-individuali-in-studio-e-online\\\/#formConsulenza\"}}]}]}]}]},{\"name\":\"dipendente pubblico\",\"type\":\"section\",\"props\":{\"animation\":\"fade\",\"id\":\"process\",\"image_position\":\"center-center\",\"padding\":\"large\",\"padding_remove_bottom\":false,\"style\":\"primary\",\"title_breakpoint\":\"xl\",\"title_position\":\"top-left\",\"title_rotation\":\"left\",\"vertical_align\":\"middle\",\"width\":\"large\"},\"children\":[{\"type\":\"row\",\"children\":[{\"type\":\"column\",\"props\":{\"image_position\":\"center-center\",\"position_sticky_breakpoint\":\"m\",\"vertical_align\":\"middle\",\"width_medium\":\"3-5\"},\"children\":[{\"type\":\"headline\",\"props\":{\"content\":\"Sei un dipendente pubblico?\",\"text_align\":\"center\",\"title_element\":\"h2\",\"title_style\":\"h1\"}},{\"type\":\"divider\",\"props\":{\"divider_align\":\"center\",\"divider_element\":\"hr\",\"divider_style\":\"small\"}},{\"type\":\"text\",\"props\":{\"block_align\":\"center\",\"column_breakpoint\":\"m\",\"content\":\"\n\n<p>Per te uno<strong> sconto speciale del 30%<\\\/strong> sui servizi di consulenza e formazione.<\\\/p>\",\"margin\":\"medium\",\"maxwidth\":\"2xlarge\",\"text_align\":\"center\",\"text_style\":\"large\"}},{\"type\":\"button\",\"props\":{\"block_align\":\"center\",\"grid_column_gap\":\"small\",\"grid_row_gap\":\"small\",\"margin\":\"default\",\"maxwidth\":\"2xlarge\",\"text_align\":\"center\"},\"children\":[{\"type\":\"button_item\",\"props\":{\"button_style\":\"secondary\",\"content\":\"Contattami\",\"icon\":\"mail\",\"icon_align\":\"left\",\"link\":\"contatti\\\/\"}}]}]},{\"type\":\"column\",\"props\":{\"image_position\":\"center-center\",\"position_sticky_breakpoint\":\"m\",\"vertical_align\":\"middle\",\"width_medium\":\"2-5\"},\"children\":[{\"type\":\"image\",\"props\":{\"image\":\"wp-content\\\/uploads\\\/2022\\\/06\\\/logo-convenzioni-Istituzioni.png\",\"image_svg_color\":\"emphasis\",\"margin\":\"default\"}}]}],\"props\":{\"layout\":\"3-5,2-5\"}}]}],\"version\":\"4.2.13\"} --><\/p>\n","protected":false},"excerpt":{"rendered":"<p>Consulenze in Studio e Online Mi occupo di sviluppo del potenziale umano. Il mio lavoro consiste nel guidare la persona [&hellip;]<\/p>\n","protected":false},"author":1,"featured_media":0,"parent":0,"menu_order":0,"comment_status":"closed","ping_status":"closed","template":"","meta":{"_acf_changed":false,"footnotes":""},"class_list":["post-15258","page","type-page","status-publish","hentry"],"acf":[],"_links":{"self":[{"href":"https:\/\/www.esterpatriciaceresa.com\/en\/wp-json\/wp\/v2\/pages\/15258","targetHints":{"allow":["GET"]}}],"collection":[{"href":"https:\/\/www.esterpatriciaceresa.com\/en\/wp-json\/wp\/v2\/pages"}],"about":[{"href":"https:\/\/www.esterpatriciaceresa.com\/en\/wp-json\/wp\/v2\/types\/page"}],"author":[{"embeddable":true,"href":"https:\/\/www.esterpatriciaceresa.com\/en\/wp-json\/wp\/v2\/users\/1"}],"replies":[{"embeddable":true,"href":"https:\/\/www.esterpatriciaceresa.com\/en\/wp-json\/wp\/v2\/comments?post=15258"}],"version-history":[{"count":74,"href":"https:\/\/www.esterpatriciaceresa.com\/en\/wp-json\/wp\/v2\/pages\/15258\/revisions"}],"predecessor-version":[{"id":22795,"href":"https:\/\/www.esterpatriciaceresa.com\/en\/wp-json\/wp\/v2\/pages\/15258\/revisions\/22795"}],"wp:attachment":[{"href":"https:\/\/www.esterpatriciaceresa.com\/en\/wp-json\/wp\/v2\/media?parent=15258"}],"curies":[{"name":"wp","href":"https:\/\/api.w.org\/{rel}","templated":true}]}}